{"id":274146,"date":"2022-07-20T09:06:02","date_gmt":"2022-07-20T09:06:02","guid":{"rendered":"https:\/\/b3qa3q.myraidbox.de\/?page_id=274146"},"modified":"2022-07-20T09:06:02","modified_gmt":"2022-07-20T09:06:02","slug":"business-netzwerk","status":"publish","type":"page","link":"https:\/\/sauldie.org\/de\/business-netzwerk\/","title":{"rendered":"Business-Netzwerk"},"content":{"rendered":"\n<h1 class=\"gb-headline gb-headline-63ac6b2e gb-headline-text\">Sie sind ein Experte auf Ihrem Gebiet? <strong>Schlie\u00dfen Sie sich uns an:<\/strong><\/h1>\n\n\n\n<h2 class=\"gb-headline gb-headline-dd60e9df gb-headline-text\">Werden auch Sie Mitglied unseres Business-Netzwerks iExperten:<br>Gemeinsam sind wir st\u00e4rker!<\/h2>\n\n\n\n<div class=\"wp-block-columns is-layout-flex wp-container-core-columns-is-layout-9d6595d7 wp-block-columns-is-layout-flex\">\n<div class=\"wp-block-column is-layout-flow wp-block-column-is-layout-flow\">\n<p>Wir suchen zur Erweiterung unseres Business-Netzwerks<strong> Agenturen, Designer, Journalisten, Redner, Trainer, Coachs, Netzwerker, Akademien, Universit\u00e4ten und Gesch\u00e4ftsmenschen,<\/strong> die mit uns gemeinsam einen stark wachsenden Markt strategisch erobern wollen. Hierbei k\u00f6nnen Sie f\u00fcr sich selbst, f\u00fcr Ihr Unternehmen und f\u00fcr die Gemeinschaft sehr viel bewegen. Profitieren Sie von unseren bestehenden globalen Gesch\u00e4ftskontakten und werden Sie Teil unseres Business-Netzwerks!<\/p>\n\n\n\n<p><strong>Beispiele f\u00fcr eine fruchtbare Zusammenarbeit:<\/strong><\/p>\n\n\n\n<ul class=\"wp-block-list\"><li>Sie sind eine Agentur und bieten Digitale Dienstleistungen an? Als Partner empfehlen wir Sie gerne an unsere Kunden weiter.<\/li><li>Sie sind ein Netzwerker und haben viele Kontakte? Als Partner k\u00f6nnen Sie f\u00fcr uns in Ihrem Bundesland oder Kanton als Ambassador fungieren und an allen Ums\u00e4tzen aus Ihrem Gebiet beteiligt sein.<\/li><li>Sie sind Journalist, Redner, Trainer oder Coach? Als Partner k\u00f6nnen Sie Ihre Kompetenz auf unserer Plattform einem sehr gro\u00dfen ausgew\u00e4hltem Publikum pr\u00e4sentieren und von Folgeauftr\u00e4gen profitieren.<\/li><li>Sie sind eine Akademie und ben\u00f6tigen eine Erweiterung Ihres digitalen Portfolios? Wir bieten Ihnen in Partnerschaft 24 Digitale Technologien an, die als online und Offline Kurse f\u00fcr Ihre Studenten angeboten werden k\u00f6nnen.<\/li><\/ul>\n\n\n\n<p>Wir freuen uns auf Ihre Nachricht &#8211; und erkl\u00e4ren Ihnen die Details gerne in einem pers\u00f6nlichen, unverbindlichen Gespr\u00e4ch:<\/p>\n<\/div>\n\n\n\n<div class=\"wp-block-column is-layout-flow wp-block-column-is-layout-flow\">\n<figure class=\"wp-block-image size-full\"><img loading=\"lazy\" decoding=\"async\" width=\"768\" height=\"512\" src=\"https:\/\/b3qa3q.myraidbox.de\/wp-content\/uploads\/2022\/07\/Experte-fuer-Digitalisierung-Nachhaltigkeit-4.png\" alt=\"\" class=\"wp-image-272005\" srcset=\"https:\/\/sauldie.org\/wp-content\/uploads\/2022\/07\/Experte-fuer-Digitalisierung-Nachhaltigkeit-4.png 768w, https:\/\/sauldie.org\/wp-content\/uploads\/2022\/07\/Experte-fuer-Digitalisierung-Nachhaltigkeit-4-300x200.png 300w, https:\/\/sauldie.org\/wp-content\/uploads\/2022\/07\/Experte-fuer-Digitalisierung-Nachhaltigkeit-4-18x12.png 18w\" sizes=\"auto, (max-width: 768px) 100vw, 768px\" \/><\/figure>\n<\/div>\n<\/div>\n\n\n\n","protected":false},"excerpt":{"rendered":"<p>Sie sind ein Experte auf Ihrem Gebiet? Schlie\u00dfen Sie sich uns an: Werden auch Sie Mitglied unseres Business-Netzwerks iExperten:Gemeinsam sind wir st\u00e4rker! Wir suchen zur Erweiterung unseres Business-Netzwerks Agenturen, Designer, Journalisten, Redner, Trainer, Coachs, Netzwerker, Akademien, Universit\u00e4ten und Gesch\u00e4ftsmenschen, die mit uns gemeinsam einen stark wachsenden Markt strategisch erobern wollen. Hierbei k\u00f6nnen Sie f\u00fcr sich &#8230; <a title=\"Business-Netzwerk\" class=\"read-more\" href=\"https:\/\/sauldie.org\/de\/business-netzwerk\/\" aria-label=\"Mehr Informationen \u00fcber Business-Netzwerk\">Weiterlesen &#8230;<\/a><\/p>\n","protected":false},"author":1,"featured_media":0,"parent":0,"menu_order":57,"comment_status":"closed","ping_status":"closed","template":"","meta":{"footnotes":""},"categories":[],"tags":[],"class_list":["post-274146","page","type-page","status-publish"],"rmp_feedback_val_new":null,"_yoast_wpseo_primary_category":null,"_yoast_wpseo_focuskeywords":null,"rmp_vote_count":null,"rmp_rating_val_sum":null,"rmp_avg_rating":null,"_yoast_wpseo_focuskw":null,"_yoast_wpseo_title":null,"_yoast_wpseo_metadesc":null,"yoast_head":"<!-- This site is optimized with the Yoast SEO Premium plugin v26.8 (Yoast SEO v26.8) - https:\/\/yoast.com\/product\/yoast-seo-premium-wordpress\/ -->\n<title>Business-Netzwerk - SAULDIE - Life Excellence und Business Excellence<\/title>\n<meta name=\"robots\" content=\"index, follow, max-snippet:-1, max-image-preview:large, max-video-preview:-1\" \/>\n<link rel=\"canonical\" href=\"https:\/\/sauldie.org\/de\/business-netzwerk\/\" \/>\n<meta property=\"og:locale\" content=\"de_DE\" \/>\n<meta property=\"og:type\" content=\"article\" \/>\n<meta property=\"og:title\" content=\"Business-Netzwerk\" \/>\n<meta property=\"og:description\" content=\"Sie sind ein Experte auf Ihrem Gebiet? Schlie\u00dfen Sie sich uns an: Werden auch Sie Mitglied unseres Business-Netzwerks iExperten:Gemeinsam sind wir st\u00e4rker! Wir suchen zur Erweiterung unseres Business-Netzwerks Agenturen, Designer, Journalisten, Redner, Trainer, Coachs, Netzwerker, Akademien, Universit\u00e4ten und Gesch\u00e4ftsmenschen, die mit uns gemeinsam einen stark wachsenden Markt strategisch erobern wollen. Hierbei k\u00f6nnen Sie f\u00fcr sich ... Weiterlesen ...\" \/>\n<meta property=\"og:url\" content=\"https:\/\/sauldie.org\/de\/business-netzwerk\/\" \/>\n<meta property=\"og:site_name\" content=\"SAULDIE - Life Excellence und Business Excellence\" \/>\n<meta property=\"og:image\" content=\"https:\/\/sauldie.org\/wp-content\/uploads\/2022\/07\/Experte-fuer-Digitalisierung-Nachhaltigkeit-4.png\" \/>\n\t<meta property=\"og:image:width\" content=\"768\" \/>\n\t<meta property=\"og:image:height\" content=\"512\" \/>\n\t<meta property=\"og:image:type\" content=\"image\/png\" \/>\n<meta name=\"twitter:card\" content=\"summary_large_image\" \/>\n<meta name=\"twitter:label1\" content=\"Gesch\u00e4tzte Lesezeit\" \/>\n\t<meta name=\"twitter:data1\" content=\"1\u00a0Minute\" \/>\n<script type=\"application\/ld+json\" class=\"yoast-schema-graph\">{\"@context\":\"https:\/\/schema.org\",\"@graph\":[{\"@type\":\"WebPage\",\"@id\":\"https:\/\/sauldie.org\/business-netzwerk\/\",\"url\":\"https:\/\/sauldie.org\/business-netzwerk\/\",\"name\":\"Business-Netzwerk - SAULDIE - Life Excellence und Business Excellence\",\"isPartOf\":{\"@id\":\"https:\/\/sauldie.org\/#website\"},\"primaryImageOfPage\":{\"@id\":\"https:\/\/sauldie.org\/business-netzwerk\/#primaryimage\"},\"image\":{\"@id\":\"https:\/\/sauldie.org\/business-netzwerk\/#primaryimage\"},\"thumbnailUrl\":\"https:\/\/b3qa3q.myraidbox.de\/wp-content\/uploads\/2022\/07\/Experte-fuer-Digitalisierung-Nachhaltigkeit-4.png\",\"datePublished\":\"2022-07-20T09:06:02+00:00\",\"breadcrumb\":{\"@id\":\"https:\/\/sauldie.org\/business-netzwerk\/#breadcrumb\"},\"inLanguage\":\"de\",\"potentialAction\":[{\"@type\":\"ReadAction\",\"target\":[\"https:\/\/sauldie.org\/business-netzwerk\/\"]}]},{\"@type\":\"ImageObject\",\"inLanguage\":\"de\",\"@id\":\"https:\/\/sauldie.org\/business-netzwerk\/#primaryimage\",\"url\":\"https:\/\/b3qa3q.myraidbox.de\/wp-content\/uploads\/2022\/07\/Experte-fuer-Digitalisierung-Nachhaltigkeit-4.png\",\"contentUrl\":\"https:\/\/b3qa3q.myraidbox.de\/wp-content\/uploads\/2022\/07\/Experte-fuer-Digitalisierung-Nachhaltigkeit-4.png\"},{\"@type\":\"BreadcrumbList\",\"@id\":\"https:\/\/sauldie.org\/business-netzwerk\/#breadcrumb\",\"itemListElement\":[{\"@type\":\"ListItem\",\"position\":1,\"name\":\"Startseite\",\"item\":\"https:\/\/sauldie.org\/\"},{\"@type\":\"ListItem\",\"position\":2,\"name\":\"Business-Netzwerk\"}]},{\"@type\":\"WebSite\",\"@id\":\"https:\/\/sauldie.org\/#website\",\"url\":\"https:\/\/sauldie.org\/\",\"name\":\"Life Excellence & Business Excellence\",\"description\":\"\",\"publisher\":{\"@id\":\"https:\/\/sauldie.org\/#organization\"},\"potentialAction\":[{\"@type\":\"SearchAction\",\"target\":{\"@type\":\"EntryPoint\",\"urlTemplate\":\"https:\/\/sauldie.org\/?s={search_term_string}\"},\"query-input\":{\"@type\":\"PropertyValueSpecification\",\"valueRequired\":true,\"valueName\":\"search_term_string\"}}],\"inLanguage\":\"de\"},{\"@type\":[\"Organization\",\"Place\"],\"@id\":\"https:\/\/sauldie.org\/#organization\",\"name\":\"sauldie.org\",\"url\":\"https:\/\/sauldie.org\/\",\"logo\":{\"@id\":\"https:\/\/sauldie.org\/business-netzwerk\/#local-main-organization-logo\"},\"image\":{\"@id\":\"https:\/\/sauldie.org\/business-netzwerk\/#local-main-organization-logo\"},\"telephone\":[],\"openingHoursSpecification\":[{\"@type\":\"OpeningHoursSpecification\",\"dayOfWeek\":[\"Monday\",\"Tuesday\",\"Wednesday\",\"Thursday\",\"Friday\",\"Saturday\",\"Sunday\"],\"opens\":\"09:00\",\"closes\":\"17:00\"}]},{\"@type\":\"ImageObject\",\"inLanguage\":\"de\",\"@id\":\"https:\/\/sauldie.org\/business-netzwerk\/#local-main-organization-logo\",\"url\":\"https:\/\/sauldie.org\/wp-content\/uploads\/2025\/06\/400dpiLogo-scaled.png\",\"contentUrl\":\"https:\/\/sauldie.org\/wp-content\/uploads\/2025\/06\/400dpiLogo-scaled.png\",\"width\":2560,\"height\":1546,\"caption\":\"sauldie.org\"}]}<\/script>\n<!-- \/ Yoast SEO Premium plugin. -->","yoast_head_json":{"title":"Business-Netzwerk - SAULDIE - Life Excellence und Business Excellence","robots":{"index":"index","follow":"follow","max-snippet":"max-snippet:-1","max-image-preview":"max-image-preview:large","max-video-preview":"max-video-preview:-1"},"canonical":"https:\/\/sauldie.org\/de\/business-netzwerk\/","og_locale":"de_DE","og_type":"article","og_title":"Business-Netzwerk","og_description":"Sie sind ein Experte auf Ihrem Gebiet? Schlie\u00dfen Sie sich uns an: Werden auch Sie Mitglied unseres Business-Netzwerks iExperten:Gemeinsam sind wir st\u00e4rker! Wir suchen zur Erweiterung unseres Business-Netzwerks Agenturen, Designer, Journalisten, Redner, Trainer, Coachs, Netzwerker, Akademien, Universit\u00e4ten und Gesch\u00e4ftsmenschen, die mit uns gemeinsam einen stark wachsenden Markt strategisch erobern wollen. Hierbei k\u00f6nnen Sie f\u00fcr sich ... Weiterlesen ...","og_url":"https:\/\/sauldie.org\/de\/business-netzwerk\/","og_site_name":"SAULDIE - Life Excellence und Business Excellence","og_image":[{"width":768,"height":512,"url":"https:\/\/sauldie.org\/wp-content\/uploads\/2022\/07\/Experte-fuer-Digitalisierung-Nachhaltigkeit-4.png","type":"image\/png"}],"twitter_card":"summary_large_image","twitter_misc":{"Gesch\u00e4tzte Lesezeit":"1\u00a0Minute"},"schema":{"@context":"https:\/\/schema.org","@graph":[{"@type":"WebPage","@id":"https:\/\/sauldie.org\/business-netzwerk\/","url":"https:\/\/sauldie.org\/business-netzwerk\/","name":"Business-Netzwerk - SAULDIE - Life Excellence und Business Excellence","isPartOf":{"@id":"https:\/\/sauldie.org\/#website"},"primaryImageOfPage":{"@id":"https:\/\/sauldie.org\/business-netzwerk\/#primaryimage"},"image":{"@id":"https:\/\/sauldie.org\/business-netzwerk\/#primaryimage"},"thumbnailUrl":"https:\/\/b3qa3q.myraidbox.de\/wp-content\/uploads\/2022\/07\/Experte-fuer-Digitalisierung-Nachhaltigkeit-4.png","datePublished":"2022-07-20T09:06:02+00:00","breadcrumb":{"@id":"https:\/\/sauldie.org\/business-netzwerk\/#breadcrumb"},"inLanguage":"de","potentialAction":[{"@type":"ReadAction","target":["https:\/\/sauldie.org\/business-netzwerk\/"]}]},{"@type":"ImageObject","inLanguage":"de","@id":"https:\/\/sauldie.org\/business-netzwerk\/#primaryimage","url":"https:\/\/b3qa3q.myraidbox.de\/wp-content\/uploads\/2022\/07\/Experte-fuer-Digitalisierung-Nachhaltigkeit-4.png","contentUrl":"https:\/\/b3qa3q.myraidbox.de\/wp-content\/uploads\/2022\/07\/Experte-fuer-Digitalisierung-Nachhaltigkeit-4.png"},{"@type":"BreadcrumbList","@id":"https:\/\/sauldie.org\/business-netzwerk\/#breadcrumb","itemListElement":[{"@type":"ListItem","position":1,"name":"Startseite","item":"https:\/\/sauldie.org\/"},{"@type":"ListItem","position":2,"name":"Business-Netzwerk"}]},{"@type":"WebSite","@id":"https:\/\/sauldie.org\/#website","url":"https:\/\/sauldie.org\/","name":"Life Excellence & Business Excellence","description":"","publisher":{"@id":"https:\/\/sauldie.org\/#organization"},"potentialAction":[{"@type":"SearchAction","target":{"@type":"EntryPoint","urlTemplate":"https:\/\/sauldie.org\/?s={search_term_string}"},"query-input":{"@type":"PropertyValueSpecification","valueRequired":true,"valueName":"search_term_string"}}],"inLanguage":"de"},{"@type":["Organization","Place"],"@id":"https:\/\/sauldie.org\/#organization","name":"sauldie.org","url":"https:\/\/sauldie.org\/","logo":{"@id":"https:\/\/sauldie.org\/business-netzwerk\/#local-main-organization-logo"},"image":{"@id":"https:\/\/sauldie.org\/business-netzwerk\/#local-main-organization-logo"},"telephone":[],"openingHoursSpecification":[{"@type":"OpeningHoursSpecification","dayOfWeek":["Monday","Tuesday","Wednesday","Thursday","Friday","Saturday","Sunday"],"opens":"09:00","closes":"17:00"}]},{"@type":"ImageObject","inLanguage":"de","@id":"https:\/\/sauldie.org\/business-netzwerk\/#local-main-organization-logo","url":"https:\/\/sauldie.org\/wp-content\/uploads\/2025\/06\/400dpiLogo-scaled.png","contentUrl":"https:\/\/sauldie.org\/wp-content\/uploads\/2025\/06\/400dpiLogo-scaled.png","width":2560,"height":1546,"caption":"sauldie.org"}]}},"_links":{"self":[{"href":"https:\/\/sauldie.org\/de\/wp-json\/wp\/v2\/pages\/274146","targetHints":{"allow":["GET"]}}],"collection":[{"href":"https:\/\/sauldie.org\/de\/wp-json\/wp\/v2\/pages"}],"about":[{"href":"https:\/\/sauldie.org\/de\/wp-json\/wp\/v2\/types\/page"}],"author":[{"embeddable":true,"href":"https:\/\/sauldie.org\/de\/wp-json\/wp\/v2\/users\/1"}],"replies":[{"embeddable":true,"href":"https:\/\/sauldie.org\/de\/wp-json\/wp\/v2\/comments?post=274146"}],"version-history":[{"count":0,"href":"https:\/\/sauldie.org\/de\/wp-json\/wp\/v2\/pages\/274146\/revisions"}],"wp:attachment":[{"href":"https:\/\/sauldie.org\/de\/wp-json\/wp\/v2\/media?parent=274146"}],"wp:term":[{"taxonomy":"category","embeddable":true,"href":"https:\/\/sauldie.org\/de\/wp-json\/wp\/v2\/categories?post=274146"},{"taxonomy":"post_tag","embeddable":true,"href":"https:\/\/sauldie.org\/de\/wp-json\/wp\/v2\/tags?post=274146"}],"curies":[{"name":"wp","href":"https:\/\/api.w.org\/{rel}","templated":true}]}}