{"id":274146,"date":"2022-07-20T09:06:02","date_gmt":"2022-07-20T09:06:02","guid":{"rendered":"https:\/\/b3qa3q.myraidbox.de\/?page_id=274146"},"modified":"2022-07-20T09:06:02","modified_gmt":"2022-07-20T09:06:02","slug":"business-network","status":"publish","type":"page","link":"https:\/\/sauldie.org\/en\/business-network\/","title":{"rendered":"Business network"},"content":{"rendered":"<h1 class=\"gb-headline gb-headline-63ac6b2e gb-headline-text\">Are you an expert in your field? <strong>Join us:<\/strong><\/h1>\n\n\n\n<h2 class=\"gb-headline gb-headline-dd60e9df gb-headline-text\">Become a member of our business network iExperten:<br>Together we are stronger!<\/h2>\n\n\n\n<div class=\"wp-block-columns is-layout-flex wp-container-core-columns-is-layout-9d6595d7 wp-block-columns-is-layout-flex\">\n<div class=\"wp-block-column is-layout-flow wp-block-column-is-layout-flow\">\n<p>We are looking to expand our business network<strong> Agencies, designers, journalists, speakers, trainers, coaches, networkers, academies, universities and business people,<\/strong> who want to strategically conquer a rapidly growing market together with us. You can achieve a great deal for yourself, for your company and for the community. Benefit from our existing global business contacts and become part of our business network!<\/p>\n\n\n\n<p><strong>Examples of fruitful cooperation:<\/strong><\/p>\n\n\n\n<ul class=\"wp-block-list\"><li>Are you an agency and offer digital services? As a partner, we would be happy to recommend you to our customers.<\/li><li>Are you a networker and have lots of contacts? As a partner, you can act as an ambassador for us in your federal state or canton and share in all sales from your area.<\/li><li>Are you a journalist, speaker, trainer or coach? As a partner, you can present your expertise on our platform to a very large, selected audience and benefit from follow-up orders.<\/li><li>Are you an academy and need to expand your digital portfolio? We partner with you to offer 24 digital technologies that can be delivered as online and offline courses for your students.<\/li><\/ul>\n\n\n\n<p>We look forward to hearing from you - and will be happy to explain the details in a personal, no-obligation discussion:<\/p>\n<\/div>\n\n\n\n<div class=\"wp-block-column is-layout-flow wp-block-column-is-layout-flow\">\n<figure class=\"wp-block-image size-full\"><img loading=\"lazy\" decoding=\"async\" width=\"768\" height=\"512\" src=\"https:\/\/b3qa3q.myraidbox.de\/wp-content\/uploads\/2022\/07\/Experte-fuer-Digitalisierung-Nachhaltigkeit-4.png\" alt=\"\" class=\"wp-image-272005\" srcset=\"https:\/\/sauldie.org\/wp-content\/uploads\/2022\/07\/Experte-fuer-Digitalisierung-Nachhaltigkeit-4.png 768w, https:\/\/sauldie.org\/wp-content\/uploads\/2022\/07\/Experte-fuer-Digitalisierung-Nachhaltigkeit-4-300x200.png 300w, https:\/\/sauldie.org\/wp-content\/uploads\/2022\/07\/Experte-fuer-Digitalisierung-Nachhaltigkeit-4-18x12.png 18w\" sizes=\"auto, (max-width: 768px) 100vw, 768px\" \/><\/figure>\n<\/div>\n<\/div>","protected":false},"excerpt":{"rendered":"<p>Are you an expert in your field? Then join us: Become a member of our business network iExperten:Together we are stronger! To expand our business network, we are looking for agencies, designers, journalists, speakers, trainers, coaches, networkers, academies, universities and business people who want to strategically conquer a rapidly growing market together with us. Here you can ... <a title=\"Business network\" class=\"read-more\" href=\"https:\/\/sauldie.org\/en\/business-network\/\" aria-label=\"Read more about Business network\">Read more<\/a><\/p>","protected":false},"author":1,"featured_media":0,"parent":0,"menu_order":57,"comment_status":"closed","ping_status":"closed","template":"","meta":{"footnotes":""},"categories":[],"tags":[],"class_list":["post-274146","page","type-page","status-publish"],"rmp_feedback_val_new":null,"_yoast_wpseo_primary_category":null,"_yoast_wpseo_focuskeywords":null,"rmp_vote_count":null,"rmp_rating_val_sum":null,"rmp_avg_rating":null,"_yoast_wpseo_focuskw":null,"_yoast_wpseo_title":null,"_yoast_wpseo_metadesc":null,"yoast_head":"<!-- This site is optimized with the Yoast SEO Premium plugin v26.8 (Yoast SEO v26.8) - https:\/\/yoast.com\/product\/yoast-seo-premium-wordpress\/ -->\n<title>Business-Netzwerk - SAULDIE - Life Excellence und Business Excellence<\/title>\n<meta name=\"robots\" content=\"index, follow, max-snippet:-1, max-image-preview:large, max-video-preview:-1\" \/>\n<link rel=\"canonical\" href=\"https:\/\/sauldie.org\/en\/business-network\/\" \/>\n<meta property=\"og:locale\" content=\"en_GB\" \/>\n<meta property=\"og:type\" content=\"article\" \/>\n<meta property=\"og:title\" content=\"Business-Netzwerk\" \/>\n<meta property=\"og:description\" content=\"Sie sind ein Experte auf Ihrem Gebiet? Schlie\u00dfen Sie sich uns an: Werden auch Sie Mitglied unseres Business-Netzwerks iExperten:Gemeinsam sind wir st\u00e4rker! Wir suchen zur Erweiterung unseres Business-Netzwerks Agenturen, Designer, Journalisten, Redner, Trainer, Coachs, Netzwerker, Akademien, Universit\u00e4ten und Gesch\u00e4ftsmenschen, die mit uns gemeinsam einen stark wachsenden Markt strategisch erobern wollen. Hierbei k\u00f6nnen Sie f\u00fcr sich ... Read more\" \/>\n<meta property=\"og:url\" content=\"https:\/\/sauldie.org\/en\/business-network\/\" \/>\n<meta property=\"og:site_name\" content=\"SAULDIE - Life Excellence und Business Excellence\" \/>\n<meta property=\"og:image\" content=\"https:\/\/sauldie.org\/wp-content\/uploads\/2022\/07\/Experte-fuer-Digitalisierung-Nachhaltigkeit-4.png\" \/>\n\t<meta property=\"og:image:width\" content=\"768\" \/>\n\t<meta property=\"og:image:height\" content=\"512\" \/>\n\t<meta property=\"og:image:type\" content=\"image\/png\" \/>\n<meta name=\"twitter:card\" content=\"summary_large_image\" \/>\n<meta name=\"twitter:label1\" content=\"Estimated reading time\" \/>\n\t<meta name=\"twitter:data1\" content=\"1 minute\" \/>\n<script type=\"application\/ld+json\" class=\"yoast-schema-graph\">{\"@context\":\"https:\/\/schema.org\",\"@graph\":[{\"@type\":\"WebPage\",\"@id\":\"https:\/\/sauldie.org\/business-netzwerk\/\",\"url\":\"https:\/\/sauldie.org\/business-netzwerk\/\",\"name\":\"Business-Netzwerk - SAULDIE - Life Excellence und Business Excellence\",\"isPartOf\":{\"@id\":\"https:\/\/sauldie.org\/#website\"},\"primaryImageOfPage\":{\"@id\":\"https:\/\/sauldie.org\/business-netzwerk\/#primaryimage\"},\"image\":{\"@id\":\"https:\/\/sauldie.org\/business-netzwerk\/#primaryimage\"},\"thumbnailUrl\":\"https:\/\/b3qa3q.myraidbox.de\/wp-content\/uploads\/2022\/07\/Experte-fuer-Digitalisierung-Nachhaltigkeit-4.png\",\"datePublished\":\"2022-07-20T09:06:02+00:00\",\"breadcrumb\":{\"@id\":\"https:\/\/sauldie.org\/business-netzwerk\/#breadcrumb\"},\"inLanguage\":\"en-GB\",\"potentialAction\":[{\"@type\":\"ReadAction\",\"target\":[\"https:\/\/sauldie.org\/business-netzwerk\/\"]}]},{\"@type\":\"ImageObject\",\"inLanguage\":\"en-GB\",\"@id\":\"https:\/\/sauldie.org\/business-netzwerk\/#primaryimage\",\"url\":\"https:\/\/b3qa3q.myraidbox.de\/wp-content\/uploads\/2022\/07\/Experte-fuer-Digitalisierung-Nachhaltigkeit-4.png\",\"contentUrl\":\"https:\/\/b3qa3q.myraidbox.de\/wp-content\/uploads\/2022\/07\/Experte-fuer-Digitalisierung-Nachhaltigkeit-4.png\"},{\"@type\":\"BreadcrumbList\",\"@id\":\"https:\/\/sauldie.org\/business-netzwerk\/#breadcrumb\",\"itemListElement\":[{\"@type\":\"ListItem\",\"position\":1,\"name\":\"Startseite\",\"item\":\"https:\/\/sauldie.org\/\"},{\"@type\":\"ListItem\",\"position\":2,\"name\":\"Business-Netzwerk\"}]},{\"@type\":\"WebSite\",\"@id\":\"https:\/\/sauldie.org\/#website\",\"url\":\"https:\/\/sauldie.org\/\",\"name\":\"Life Excellence & Business Excellence\",\"description\":\"\",\"publisher\":{\"@id\":\"https:\/\/sauldie.org\/#organization\"},\"potentialAction\":[{\"@type\":\"SearchAction\",\"target\":{\"@type\":\"EntryPoint\",\"urlTemplate\":\"https:\/\/sauldie.org\/?s={search_term_string}\"},\"query-input\":{\"@type\":\"PropertyValueSpecification\",\"valueRequired\":true,\"valueName\":\"search_term_string\"}}],\"inLanguage\":\"en-GB\"},{\"@type\":[\"Organization\",\"Place\"],\"@id\":\"https:\/\/sauldie.org\/#organization\",\"name\":\"sauldie.org\",\"url\":\"https:\/\/sauldie.org\/\",\"logo\":{\"@id\":\"https:\/\/sauldie.org\/business-netzwerk\/#local-main-organization-logo\"},\"image\":{\"@id\":\"https:\/\/sauldie.org\/business-netzwerk\/#local-main-organization-logo\"},\"telephone\":[],\"openingHoursSpecification\":[{\"@type\":\"OpeningHoursSpecification\",\"dayOfWeek\":[\"Monday\",\"Tuesday\",\"Wednesday\",\"Thursday\",\"Friday\",\"Saturday\",\"Sunday\"],\"opens\":\"09:00\",\"closes\":\"17:00\"}]},{\"@type\":\"ImageObject\",\"inLanguage\":\"en-GB\",\"@id\":\"https:\/\/sauldie.org\/business-netzwerk\/#local-main-organization-logo\",\"url\":\"https:\/\/sauldie.org\/wp-content\/uploads\/2025\/06\/400dpiLogo-scaled.png\",\"contentUrl\":\"https:\/\/sauldie.org\/wp-content\/uploads\/2025\/06\/400dpiLogo-scaled.png\",\"width\":2560,\"height\":1546,\"caption\":\"sauldie.org\"}]}<\/script>\n<!-- \/ Yoast SEO Premium plugin. -->","yoast_head_json":{"title":"Business Network - SAULDIE - Life Excellence and Business Excellence","robots":{"index":"index","follow":"follow","max-snippet":"max-snippet:-1","max-image-preview":"max-image-preview:large","max-video-preview":"max-video-preview:-1"},"canonical":"https:\/\/sauldie.org\/en\/business-network\/","og_locale":"en_GB","og_type":"article","og_title":"Business-Netzwerk","og_description":"Sie sind ein Experte auf Ihrem Gebiet? Schlie\u00dfen Sie sich uns an: Werden auch Sie Mitglied unseres Business-Netzwerks iExperten:Gemeinsam sind wir st\u00e4rker! Wir suchen zur Erweiterung unseres Business-Netzwerks Agenturen, Designer, Journalisten, Redner, Trainer, Coachs, Netzwerker, Akademien, Universit\u00e4ten und Gesch\u00e4ftsmenschen, die mit uns gemeinsam einen stark wachsenden Markt strategisch erobern wollen. Hierbei k\u00f6nnen Sie f\u00fcr sich ... Read more","og_url":"https:\/\/sauldie.org\/en\/business-network\/","og_site_name":"SAULDIE - Life Excellence und Business Excellence","og_image":[{"width":768,"height":512,"url":"https:\/\/sauldie.org\/wp-content\/uploads\/2022\/07\/Experte-fuer-Digitalisierung-Nachhaltigkeit-4.png","type":"image\/png"}],"twitter_card":"summary_large_image","twitter_misc":{"Estimated reading time":"1 minute"},"schema":{"@context":"https:\/\/schema.org","@graph":[{"@type":"WebPage","@id":"https:\/\/sauldie.org\/business-netzwerk\/","url":"https:\/\/sauldie.org\/business-netzwerk\/","name":"Business Network - SAULDIE - Life Excellence and Business Excellence","isPartOf":{"@id":"https:\/\/sauldie.org\/#website"},"primaryImageOfPage":{"@id":"https:\/\/sauldie.org\/business-netzwerk\/#primaryimage"},"image":{"@id":"https:\/\/sauldie.org\/business-netzwerk\/#primaryimage"},"thumbnailUrl":"https:\/\/b3qa3q.myraidbox.de\/wp-content\/uploads\/2022\/07\/Experte-fuer-Digitalisierung-Nachhaltigkeit-4.png","datePublished":"2022-07-20T09:06:02+00:00","breadcrumb":{"@id":"https:\/\/sauldie.org\/business-netzwerk\/#breadcrumb"},"inLanguage":"en-GB","potentialAction":[{"@type":"ReadAction","target":["https:\/\/sauldie.org\/business-netzwerk\/"]}]},{"@type":"ImageObject","inLanguage":"en-GB","@id":"https:\/\/sauldie.org\/business-netzwerk\/#primaryimage","url":"https:\/\/b3qa3q.myraidbox.de\/wp-content\/uploads\/2022\/07\/Experte-fuer-Digitalisierung-Nachhaltigkeit-4.png","contentUrl":"https:\/\/b3qa3q.myraidbox.de\/wp-content\/uploads\/2022\/07\/Experte-fuer-Digitalisierung-Nachhaltigkeit-4.png"},{"@type":"BreadcrumbList","@id":"https:\/\/sauldie.org\/business-netzwerk\/#breadcrumb","itemListElement":[{"@type":"ListItem","position":1,"name":"Startseite","item":"https:\/\/sauldie.org\/"},{"@type":"ListItem","position":2,"name":"Business-Netzwerk"}]},{"@type":"WebSite","@id":"https:\/\/sauldie.org\/#website","url":"https:\/\/sauldie.org\/","name":"Life Excellence &amp; Business Excellence","description":"","publisher":{"@id":"https:\/\/sauldie.org\/#organization"},"potentialAction":[{"@type":"SearchAction","target":{"@type":"EntryPoint","urlTemplate":"https:\/\/sauldie.org\/?s={search_term_string}"},"query-input":{"@type":"PropertyValueSpecification","valueRequired":true,"valueName":"search_term_string"}}],"inLanguage":"en-GB"},{"@type":["Organization","Place"],"@id":"https:\/\/sauldie.org\/#organization","name":"sauldie.org","url":"https:\/\/sauldie.org\/","logo":{"@id":"https:\/\/sauldie.org\/business-netzwerk\/#local-main-organization-logo"},"image":{"@id":"https:\/\/sauldie.org\/business-netzwerk\/#local-main-organization-logo"},"telephone":[],"openingHoursSpecification":[{"@type":"OpeningHoursSpecification","dayOfWeek":["Monday","Tuesday","Wednesday","Thursday","Friday","Saturday","Sunday"],"opens":"09:00","closes":"17:00"}]},{"@type":"ImageObject","inLanguage":"en-GB","@id":"https:\/\/sauldie.org\/business-netzwerk\/#local-main-organization-logo","url":"https:\/\/sauldie.org\/wp-content\/uploads\/2025\/06\/400dpiLogo-scaled.png","contentUrl":"https:\/\/sauldie.org\/wp-content\/uploads\/2025\/06\/400dpiLogo-scaled.png","width":2560,"height":1546,"caption":"sauldie.org"}]}},"_links":{"self":[{"href":"https:\/\/sauldie.org\/en\/wp-json\/wp\/v2\/pages\/274146","targetHints":{"allow":["GET"]}}],"collection":[{"href":"https:\/\/sauldie.org\/en\/wp-json\/wp\/v2\/pages"}],"about":[{"href":"https:\/\/sauldie.org\/en\/wp-json\/wp\/v2\/types\/page"}],"author":[{"embeddable":true,"href":"https:\/\/sauldie.org\/en\/wp-json\/wp\/v2\/users\/1"}],"replies":[{"embeddable":true,"href":"https:\/\/sauldie.org\/en\/wp-json\/wp\/v2\/comments?post=274146"}],"version-history":[{"count":0,"href":"https:\/\/sauldie.org\/en\/wp-json\/wp\/v2\/pages\/274146\/revisions"}],"wp:attachment":[{"href":"https:\/\/sauldie.org\/en\/wp-json\/wp\/v2\/media?parent=274146"}],"wp:term":[{"taxonomy":"category","embeddable":true,"href":"https:\/\/sauldie.org\/en\/wp-json\/wp\/v2\/categories?post=274146"},{"taxonomy":"post_tag","embeddable":true,"href":"https:\/\/sauldie.org\/en\/wp-json\/wp\/v2\/tags?post=274146"}],"curies":[{"name":"wp","href":"https:\/\/api.w.org\/{rel}","templated":true}]}}