{"id":320222,"date":"2024-07-30T08:13:27","date_gmt":"2024-07-30T06:13:27","guid":{"rendered":"https:\/\/hls.global\/?page_id=320222&#038;preview_id=320222"},"modified":"2025-09-06T14:01:25","modified_gmt":"2025-09-06T12:01:25","slug":"discover-the-adventures-of-rosa-always-green-a-captivating-childrens-book-by-kira-kimmelmann","status":"publish","type":"page","link":"https:\/\/sauldie.org\/en\/discover-the-adventures-of-rosa-always-green-a-captivating-childrens-book-by-kira-kimmelmann\/","title":{"rendered":"#KiraKimmelmann: Children's book author of Rosa Immergr\u00fcn"},"content":{"rendered":"<div class=\"wp-block-columns is-layout-flex wp-container-core-columns-is-layout-9d6595d7 wp-block-columns-is-layout-flex\">\n<div class=\"wp-block-column is-layout-flow wp-block-column-is-layout-flow\">\n<figure class=\"wp-block-image size-large\"><img loading=\"lazy\" decoding=\"async\" width=\"1024\" height=\"681\" src=\"https:\/\/sauldie.org\/wp-content\/uploads\/2025\/05\/20250715_Rital_Lesung_50-1024x681.jpg\" alt=\"\" class=\"wp-image-340826\" srcset=\"https:\/\/sauldie.org\/wp-content\/uploads\/2025\/05\/20250715_Rital_Lesung_50-1024x681.jpg 1024w, https:\/\/sauldie.org\/wp-content\/uploads\/2025\/05\/20250715_Rital_Lesung_50-300x200.jpg 300w, https:\/\/sauldie.org\/wp-content\/uploads\/2025\/05\/20250715_Rital_Lesung_50-768x511.jpg 768w, https:\/\/sauldie.org\/wp-content\/uploads\/2025\/05\/20250715_Rital_Lesung_50-1536x1022.jpg 1536w, https:\/\/sauldie.org\/wp-content\/uploads\/2025\/05\/20250715_Rital_Lesung_50-2048x1363.jpg 2048w, https:\/\/sauldie.org\/wp-content\/uploads\/2025\/05\/20250715_Rital_Lesung_50-18x12.jpg 18w\" sizes=\"auto, (max-width: 1024px) 100vw, 1024px\" \/><figcaption class=\"wp-element-caption\">That's me - Rita Anna alias \"Kira Kimmelmann\"<\/figcaption><\/figure>\n\n\n\n<a class=\"gb-button gb-button-b5c9fb36 gb-button-text\" href=\"https:\/\/sauldie.org\/en\/contact-kira-kimmelmann\/\">Join me and let Rosa Immergr\u00fcn conquer the hearts of children!<\/a>\n<\/div>\n\n\n\n<div class=\"wp-block-column is-layout-flow wp-block-column-is-layout-flow\">\n<h2 class=\"wp-block-heading\" id=\"h-wer-ist-kira-kimmelmann\">Who is Kira Kimmelmann?<\/h2>\n\n\n\n<p>Kira Kimmelmann, born Rita Anna K\u00fcffner in picturesque Switzerland, is initially known to many from the world of high-end fashion. Her creative contributions to renowned fashion labels have earned her international recognition over the years. But behind the elegant fa\u00e7ade of a successful fashion expert lies a deep-rooted love of a completely different art form - storytelling.<\/p>\n\n\n\n<p>Even as a child, Rita was fascinated by fantastic stories, old fairy tales and mysterious adventures told to her by her grandmother Regina Kimmelmann with a lot of heart and warmth. These magical moments awakened in her the desire to invent stories herself - stories that make children's eyes light up and touch their hearts.<\/p>\n\n\n\n<p>One little girl from her family in particular, who listened to her stories with wide, curious eyes, became a loyal listener and also her main inspiration. Her enthusiasm and genuine enjoyment of the stories encouraged Rita to write them down.<\/p>\n\n\n\n<div class=\"wp-block-columns alignwide is-layout-flex wp-container-core-columns-is-layout-9d6595d7 wp-block-columns-is-layout-flex\">\n<div class=\"wp-block-column is-layout-flow wp-block-column-is-layout-flow\" style=\"flex-basis:100%\"><\/div>\n<\/div>\n<\/div>\n<\/div>\n\n\n\n<p>In honour of her beloved grandmother Regina, Rita decided to write under the pseudonym Kira Kimmelmann - a name that for her is not only a tribute, but also a symbol of the intergenerational power of stories.<\/p>\n\n\n\n<p>Today, Rita lives in Germany and is passionate about children's literature. Her stories are loving, educational and imaginative - always with the aim of not only entertaining young readers, but also teaching them important values such as friendship, courage and environmental awareness in a playful way.<\/p>\n\n\n\n<p>Kira Kimmelmann stands for creative storytelling that connects generations and gives children a safe space for dreams, questions and discoveries.<\/p>\n\n\n\n<div class=\"wp-block-columns is-layout-flex wp-container-core-columns-is-layout-9d6595d7 wp-block-columns-is-layout-flex\">\n<div class=\"wp-block-column is-layout-flow wp-block-column-is-layout-flow\">\n<p>Today she presents herself as an author under the pseudonym <br>KIRA KIMMELMANN before:<\/p>\n\n\n\n<blockquote class=\"wp-block-quote is-layout-flow wp-block-quote-is-layout-flow\">\n<p>Whenever I told different stories to my family, the children's favourite characters quickly emerged. They are John Periwinkle and his daughter Rosa and the adventures they experience together. This nature-loving fantasy story was created with this background.<\/p>\n\n\n\n<p>These stories, which have shaped an entire generation in my family, are not only exciting and mystical, but also carry a lasting message about how to treat the earth. It is also about the emancipation of young people who learn to respect each other as a team and find solutions to challenges together. This message is very close to my heart and this book is my contribution to motivating society to find better solutions with team spirit, tolerance and harmony.<\/p>\n<\/blockquote>\n<\/div>\n\n\n\n<div class=\"wp-block-column is-layout-flow wp-block-column-is-layout-flow\">\n<figure class=\"wp-block-image size-large\"><img loading=\"lazy\" decoding=\"async\" width=\"1024\" height=\"1024\" src=\"https:\/\/sauldie.org\/wp-content\/uploads\/2025\/06\/miReiki-PowerCall1-1024x1024.png\" alt=\"\" class=\"wp-image-339789\" srcset=\"https:\/\/sauldie.org\/wp-content\/uploads\/2025\/06\/miReiki-PowerCall1-1024x1024.png 1024w, https:\/\/sauldie.org\/wp-content\/uploads\/2025\/06\/miReiki-PowerCall1-300x300.png 300w, https:\/\/sauldie.org\/wp-content\/uploads\/2025\/06\/miReiki-PowerCall1-150x150.png 150w, https:\/\/sauldie.org\/wp-content\/uploads\/2025\/06\/miReiki-PowerCall1-768x768.png 768w, https:\/\/sauldie.org\/wp-content\/uploads\/2025\/06\/miReiki-PowerCall1-12x12.png 12w, https:\/\/sauldie.org\/wp-content\/uploads\/2025\/06\/miReiki-PowerCall1.png 1080w\" sizes=\"auto, (max-width: 1024px) 100vw, 1024px\" \/><\/figure>\n\n\n\n<div class=\"wp-block-columns alignwide is-layout-flex wp-container-core-columns-is-layout-9d6595d7 wp-block-columns-is-layout-flex\">\n<div class=\"wp-block-column is-layout-flow wp-block-column-is-layout-flow\" style=\"flex-basis:100%\">\n<a class=\"gb-button gb-button-e9152400 gb-button-text\" href=\"https:\/\/sauldie.org\/en\/contact-kira-kimmelmann\/\"><strong>Would you like to book a reading?<\/strong> Appointments are possible for schools, libraries, reading festivals and other events.<\/a>\n<\/div>\n<\/div>\n<\/div>\n<\/div>\n\n\n\n<div class=\"wp-block-columns is-layout-flex wp-container-core-columns-is-layout-9d6595d7 wp-block-columns-is-layout-flex\">\n<div class=\"wp-block-column is-layout-flow wp-block-column-is-layout-flow\">\n<figure class=\"wp-block-image size-large\"><img loading=\"lazy\" decoding=\"async\" width=\"1024\" height=\"1024\" src=\"https:\/\/sauldie.org\/wp-content\/uploads\/2025\/06\/Kira-Kimmelmann-2-2-1024x1024.png\" alt=\"\" class=\"wp-image-340191\" srcset=\"https:\/\/sauldie.org\/wp-content\/uploads\/2025\/06\/Kira-Kimmelmann-2-2-1024x1024.png 1024w, https:\/\/sauldie.org\/wp-content\/uploads\/2025\/06\/Kira-Kimmelmann-2-2-300x300.png 300w, https:\/\/sauldie.org\/wp-content\/uploads\/2025\/06\/Kira-Kimmelmann-2-2-150x150.png 150w, https:\/\/sauldie.org\/wp-content\/uploads\/2025\/06\/Kira-Kimmelmann-2-2-768x768.png 768w, https:\/\/sauldie.org\/wp-content\/uploads\/2025\/06\/Kira-Kimmelmann-2-2-12x12.png 12w, https:\/\/sauldie.org\/wp-content\/uploads\/2025\/06\/Kira-Kimmelmann-2-2.png 1080w\" sizes=\"auto, (max-width: 1024px) 100vw, 1024px\" \/><\/figure>\n<\/div>\n\n\n\n<div class=\"wp-block-column is-layout-flow wp-block-column-is-layout-flow\">\n<h2 class=\"wp-block-heading\" id=\"h-geschichten-zum-leben-erwecken-lesungen-mit-kira-kimmelmann\">Bringing stories to life - readings with Kira Kimmelmann<\/h2>\n\n\n\n<p>Exciting adventures, lively characters and important messages - a reading with Kira Kimmelmann makes children's literature a real experience. Whether at school, in the library or at special events: The interactive readings make young listeners marvel, laugh and join in.<\/p>\n\n\n\n<p>The stories invite you to travel through the forest with Rosa Immergr\u00fcn, solve puzzles and talk about topics such as friendship, the environment and courage in a playful way. Each reading is designed to be age-appropriate and with a great deal of empathy - lively, educational and full of imagination.<\/p>\n<\/div>\n<\/div>","protected":false},"excerpt":{"rendered":"<p>Who is Kira Kimmelmann? Kira Kimmelmann, born Rita Anna K\u00fcffner in picturesque Switzerland, is initially known to many from the world of high-end fashion. Her creative contributions to renowned fashion labels have earned her international recognition over the years. However, behind the elegant fa\u00e7ade of a successful fashion expert lies a deep-rooted love for a ... <a title=\"#KiraKimmelmann: Children&#039;s book author of Rosa Immergr\u00fcn\" class=\"read-more\" href=\"https:\/\/sauldie.org\/en\/discover-the-adventures-of-rosa-always-green-a-captivating-childrens-book-by-kira-kimmelmann\/\" aria-label=\"Read more about #KiraKimmelmann: Children&#039;s book author of Rosa Immergr\u00fcn\">Read more<\/a><\/p>","protected":false},"author":2,"featured_media":0,"parent":0,"menu_order":3,"comment_status":"closed","ping_status":"closed","template":"","meta":{"footnotes":""},"categories":[3066],"tags":[],"class_list":{"0":"post-320222","1":"page","2":"type-page","3":"status-publish","5":"category-kira-kimmelmann-seiten","6":"page_cat-kimmelmann-seiten"},"rmp_feedback_val_new":null,"_yoast_wpseo_primary_category":"3066","_yoast_wpseo_focuskeywords":"[{\"keyword\":\"Rosa Immergr\u00fcn\",\"score\":93}]","rmp_vote_count":"119","rmp_rating_val_sum":"536","rmp_avg_rating":"4.50420168067","_yoast_wpseo_focuskw":"Die Abenteuer von Rosa Immergr\u00fcn","_yoast_wpseo_title":"Die Abenteuer von Rosa Immergr\u00fcn","_yoast_wpseo_metadesc":"Interessiert an dem Kinderbuch von Kira Kimmelmann? Kontaktieren Sie mich! Ideal f\u00fcr Verlage, die kreative und p\u00e4dagogisch B\u00fccher suchen.","yoast_head":"<!-- This site is optimized with the Yoast SEO Premium plugin v26.8 (Yoast SEO v26.8) - https:\/\/yoast.com\/product\/yoast-seo-premium-wordpress\/ -->\n<title>Die Abenteuer von Rosa Immergr\u00fcn<\/title>\n<meta name=\"description\" content=\"Interessiert an dem Kinderbuch von Kira Kimmelmann? Kontaktieren Sie mich! Ideal f\u00fcr Verlage, die kreative und p\u00e4dagogisch B\u00fccher suchen.\" \/>\n<meta name=\"robots\" content=\"index, follow, max-snippet:-1, max-image-preview:large, max-video-preview:-1\" \/>\n<link rel=\"canonical\" href=\"https:\/\/sauldie.org\/en\/discover-the-adventures-of-rosa-always-green-a-captivating-childrens-book-by-kira-kimmelmann\/\" \/>\n<meta property=\"og:locale\" content=\"en_GB\" \/>\n<meta property=\"og:type\" content=\"article\" \/>\n<meta property=\"og:title\" content=\"#KiraKimmelmann: Kinderbuchautorin von Rosa Immergr\u00fcn\" \/>\n<meta property=\"og:description\" content=\"Interessiert an dem Kinderbuch von Kira Kimmelmann? Kontaktieren Sie mich! Ideal f\u00fcr Verlage, die kreative und p\u00e4dagogisch B\u00fccher suchen.\" \/>\n<meta property=\"og:url\" content=\"https:\/\/sauldie.org\/en\/discover-the-adventures-of-rosa-always-green-a-captivating-childrens-book-by-kira-kimmelmann\/\" \/>\n<meta property=\"og:site_name\" content=\"SAULDIE - Life Excellence und Business Excellence\" \/>\n<meta property=\"article:modified_time\" content=\"2025-09-06T12:01:25+00:00\" \/>\n<meta property=\"og:image\" content=\"https:\/\/sauldie.org\/wp-content\/uploads\/2025\/05\/20250715_Rital_Lesung_50-scaled.jpg\" \/>\n\t<meta property=\"og:image:width\" content=\"2560\" \/>\n\t<meta property=\"og:image:height\" content=\"1703\" \/>\n\t<meta property=\"og:image:type\" content=\"image\/jpeg\" \/>\n<meta name=\"twitter:card\" content=\"summary_large_image\" \/>\n<meta name=\"twitter:label1\" content=\"Estimated reading time\" \/>\n\t<meta name=\"twitter:data1\" content=\"3 minutes\" \/>\n<script type=\"application\/ld+json\" class=\"yoast-schema-graph\">{\"@context\":\"https:\/\/schema.org\",\"@graph\":[{\"@type\":\"WebPage\",\"@id\":\"https:\/\/sauldie.org\/entdecken-sie-die-abenteuer-von-rosa-immergruen-ein-fesselndes-kinderbuch-von-kira-kimmelmann\/\",\"url\":\"https:\/\/sauldie.org\/entdecken-sie-die-abenteuer-von-rosa-immergruen-ein-fesselndes-kinderbuch-von-kira-kimmelmann\/\",\"name\":\"Die Abenteuer von Rosa Immergr\u00fcn\",\"isPartOf\":{\"@id\":\"https:\/\/sauldie.org\/#website\"},\"primaryImageOfPage\":{\"@id\":\"https:\/\/sauldie.org\/entdecken-sie-die-abenteuer-von-rosa-immergruen-ein-fesselndes-kinderbuch-von-kira-kimmelmann\/#primaryimage\"},\"image\":{\"@id\":\"https:\/\/sauldie.org\/entdecken-sie-die-abenteuer-von-rosa-immergruen-ein-fesselndes-kinderbuch-von-kira-kimmelmann\/#primaryimage\"},\"thumbnailUrl\":\"https:\/\/sauldie.org\/wp-content\/uploads\/2025\/05\/20250715_Rital_Lesung_50-1024x681.jpg\",\"datePublished\":\"2024-07-30T06:13:27+00:00\",\"dateModified\":\"2025-09-06T12:01:25+00:00\",\"description\":\"Interessiert an dem Kinderbuch von Kira Kimmelmann? Kontaktieren Sie mich! Ideal f\u00fcr Verlage, die kreative und p\u00e4dagogisch B\u00fccher suchen.\",\"breadcrumb\":{\"@id\":\"https:\/\/sauldie.org\/entdecken-sie-die-abenteuer-von-rosa-immergruen-ein-fesselndes-kinderbuch-von-kira-kimmelmann\/#breadcrumb\"},\"inLanguage\":\"en-GB\",\"potentialAction\":[{\"@type\":\"ReadAction\",\"target\":[\"https:\/\/sauldie.org\/entdecken-sie-die-abenteuer-von-rosa-immergruen-ein-fesselndes-kinderbuch-von-kira-kimmelmann\/\"]}]},{\"@type\":\"ImageObject\",\"inLanguage\":\"en-GB\",\"@id\":\"https:\/\/sauldie.org\/entdecken-sie-die-abenteuer-von-rosa-immergruen-ein-fesselndes-kinderbuch-von-kira-kimmelmann\/#primaryimage\",\"url\":\"https:\/\/sauldie.org\/wp-content\/uploads\/2025\/05\/20250715_Rital_Lesung_50-1024x681.jpg\",\"contentUrl\":\"https:\/\/sauldie.org\/wp-content\/uploads\/2025\/05\/20250715_Rital_Lesung_50-1024x681.jpg\"},{\"@type\":\"BreadcrumbList\",\"@id\":\"https:\/\/sauldie.org\/entdecken-sie-die-abenteuer-von-rosa-immergruen-ein-fesselndes-kinderbuch-von-kira-kimmelmann\/#breadcrumb\",\"itemListElement\":[{\"@type\":\"ListItem\",\"position\":1,\"name\":\"Startseite\",\"item\":\"https:\/\/sauldie.org\/\"},{\"@type\":\"ListItem\",\"position\":2,\"name\":\"#KiraKimmelmann: Kinderbuchautorin von Rosa Immergr\u00fcn\"}]},{\"@type\":\"WebSite\",\"@id\":\"https:\/\/sauldie.org\/#website\",\"url\":\"https:\/\/sauldie.org\/\",\"name\":\"Life Excellence & Business Excellence\",\"description\":\"\",\"publisher\":{\"@id\":\"https:\/\/sauldie.org\/#organization\"},\"potentialAction\":[{\"@type\":\"SearchAction\",\"target\":{\"@type\":\"EntryPoint\",\"urlTemplate\":\"https:\/\/sauldie.org\/?s={search_term_string}\"},\"query-input\":{\"@type\":\"PropertyValueSpecification\",\"valueRequired\":true,\"valueName\":\"search_term_string\"}}],\"inLanguage\":\"en-GB\"},{\"@type\":[\"Organization\",\"Place\"],\"@id\":\"https:\/\/sauldie.org\/#organization\",\"name\":\"sauldie.org\",\"url\":\"https:\/\/sauldie.org\/\",\"logo\":{\"@id\":\"https:\/\/sauldie.org\/entdecken-sie-die-abenteuer-von-rosa-immergruen-ein-fesselndes-kinderbuch-von-kira-kimmelmann\/#local-main-organization-logo\"},\"image\":{\"@id\":\"https:\/\/sauldie.org\/entdecken-sie-die-abenteuer-von-rosa-immergruen-ein-fesselndes-kinderbuch-von-kira-kimmelmann\/#local-main-organization-logo\"},\"telephone\":[],\"openingHoursSpecification\":[{\"@type\":\"OpeningHoursSpecification\",\"dayOfWeek\":[\"Monday\",\"Tuesday\",\"Wednesday\",\"Thursday\",\"Friday\",\"Saturday\",\"Sunday\"],\"opens\":\"09:00\",\"closes\":\"17:00\"}]},{\"@type\":\"ImageObject\",\"inLanguage\":\"en-GB\",\"@id\":\"https:\/\/sauldie.org\/entdecken-sie-die-abenteuer-von-rosa-immergruen-ein-fesselndes-kinderbuch-von-kira-kimmelmann\/#local-main-organization-logo\",\"url\":\"https:\/\/sauldie.org\/wp-content\/uploads\/2025\/06\/400dpiLogo-scaled.png\",\"contentUrl\":\"https:\/\/sauldie.org\/wp-content\/uploads\/2025\/06\/400dpiLogo-scaled.png\",\"width\":2560,\"height\":1546,\"caption\":\"sauldie.org\"}]}<\/script>\n<!-- \/ Yoast SEO Premium plugin. -->","yoast_head_json":{"title":"The adventures of Rosa Periwinkle","description":"Interested in the children's book by Kira Kimmelmann? Please contact me! Ideal for publishers looking for creative and educational books.","robots":{"index":"index","follow":"follow","max-snippet":"max-snippet:-1","max-image-preview":"max-image-preview:large","max-video-preview":"max-video-preview:-1"},"canonical":"https:\/\/sauldie.org\/en\/discover-the-adventures-of-rosa-always-green-a-captivating-childrens-book-by-kira-kimmelmann\/","og_locale":"en_GB","og_type":"article","og_title":"#KiraKimmelmann: Kinderbuchautorin von Rosa Immergr\u00fcn","og_description":"Interessiert an dem Kinderbuch von Kira Kimmelmann? Kontaktieren Sie mich! Ideal f\u00fcr Verlage, die kreative und p\u00e4dagogisch B\u00fccher suchen.","og_url":"https:\/\/sauldie.org\/en\/discover-the-adventures-of-rosa-always-green-a-captivating-childrens-book-by-kira-kimmelmann\/","og_site_name":"SAULDIE - Life Excellence und Business Excellence","article_modified_time":"2025-09-06T12:01:25+00:00","og_image":[{"width":2560,"height":1703,"url":"https:\/\/sauldie.org\/wp-content\/uploads\/2025\/05\/20250715_Rital_Lesung_50-scaled.jpg","type":"image\/jpeg"}],"twitter_card":"summary_large_image","twitter_misc":{"Estimated reading time":"3 minutes"},"schema":{"@context":"https:\/\/schema.org","@graph":[{"@type":"WebPage","@id":"https:\/\/sauldie.org\/entdecken-sie-die-abenteuer-von-rosa-immergruen-ein-fesselndes-kinderbuch-von-kira-kimmelmann\/","url":"https:\/\/sauldie.org\/entdecken-sie-die-abenteuer-von-rosa-immergruen-ein-fesselndes-kinderbuch-von-kira-kimmelmann\/","name":"The adventures of Rosa Periwinkle","isPartOf":{"@id":"https:\/\/sauldie.org\/#website"},"primaryImageOfPage":{"@id":"https:\/\/sauldie.org\/entdecken-sie-die-abenteuer-von-rosa-immergruen-ein-fesselndes-kinderbuch-von-kira-kimmelmann\/#primaryimage"},"image":{"@id":"https:\/\/sauldie.org\/entdecken-sie-die-abenteuer-von-rosa-immergruen-ein-fesselndes-kinderbuch-von-kira-kimmelmann\/#primaryimage"},"thumbnailUrl":"https:\/\/sauldie.org\/wp-content\/uploads\/2025\/05\/20250715_Rital_Lesung_50-1024x681.jpg","datePublished":"2024-07-30T06:13:27+00:00","dateModified":"2025-09-06T12:01:25+00:00","description":"Interested in the children's book by Kira Kimmelmann? Please contact me! Ideal for publishers looking for creative and educational books.","breadcrumb":{"@id":"https:\/\/sauldie.org\/entdecken-sie-die-abenteuer-von-rosa-immergruen-ein-fesselndes-kinderbuch-von-kira-kimmelmann\/#breadcrumb"},"inLanguage":"en-GB","potentialAction":[{"@type":"ReadAction","target":["https:\/\/sauldie.org\/entdecken-sie-die-abenteuer-von-rosa-immergruen-ein-fesselndes-kinderbuch-von-kira-kimmelmann\/"]}]},{"@type":"ImageObject","inLanguage":"en-GB","@id":"https:\/\/sauldie.org\/entdecken-sie-die-abenteuer-von-rosa-immergruen-ein-fesselndes-kinderbuch-von-kira-kimmelmann\/#primaryimage","url":"https:\/\/sauldie.org\/wp-content\/uploads\/2025\/05\/20250715_Rital_Lesung_50-1024x681.jpg","contentUrl":"https:\/\/sauldie.org\/wp-content\/uploads\/2025\/05\/20250715_Rital_Lesung_50-1024x681.jpg"},{"@type":"BreadcrumbList","@id":"https:\/\/sauldie.org\/entdecken-sie-die-abenteuer-von-rosa-immergruen-ein-fesselndes-kinderbuch-von-kira-kimmelmann\/#breadcrumb","itemListElement":[{"@type":"ListItem","position":1,"name":"Startseite","item":"https:\/\/sauldie.org\/"},{"@type":"ListItem","position":2,"name":"#KiraKimmelmann: Kinderbuchautorin von Rosa Immergr\u00fcn"}]},{"@type":"WebSite","@id":"https:\/\/sauldie.org\/#website","url":"https:\/\/sauldie.org\/","name":"Life Excellence &amp; Business Excellence","description":"","publisher":{"@id":"https:\/\/sauldie.org\/#organization"},"potentialAction":[{"@type":"SearchAction","target":{"@type":"EntryPoint","urlTemplate":"https:\/\/sauldie.org\/?s={search_term_string}"},"query-input":{"@type":"PropertyValueSpecification","valueRequired":true,"valueName":"search_term_string"}}],"inLanguage":"en-GB"},{"@type":["Organization","Place"],"@id":"https:\/\/sauldie.org\/#organization","name":"sauldie.org","url":"https:\/\/sauldie.org\/","logo":{"@id":"https:\/\/sauldie.org\/entdecken-sie-die-abenteuer-von-rosa-immergruen-ein-fesselndes-kinderbuch-von-kira-kimmelmann\/#local-main-organization-logo"},"image":{"@id":"https:\/\/sauldie.org\/entdecken-sie-die-abenteuer-von-rosa-immergruen-ein-fesselndes-kinderbuch-von-kira-kimmelmann\/#local-main-organization-logo"},"telephone":[],"openingHoursSpecification":[{"@type":"OpeningHoursSpecification","dayOfWeek":["Monday","Tuesday","Wednesday","Thursday","Friday","Saturday","Sunday"],"opens":"09:00","closes":"17:00"}]},{"@type":"ImageObject","inLanguage":"en-GB","@id":"https:\/\/sauldie.org\/entdecken-sie-die-abenteuer-von-rosa-immergruen-ein-fesselndes-kinderbuch-von-kira-kimmelmann\/#local-main-organization-logo","url":"https:\/\/sauldie.org\/wp-content\/uploads\/2025\/06\/400dpiLogo-scaled.png","contentUrl":"https:\/\/sauldie.org\/wp-content\/uploads\/2025\/06\/400dpiLogo-scaled.png","width":2560,"height":1546,"caption":"sauldie.org"}]}},"_links":{"self":[{"href":"https:\/\/sauldie.org\/en\/wp-json\/wp\/v2\/pages\/320222","targetHints":{"allow":["GET"]}}],"collection":[{"href":"https:\/\/sauldie.org\/en\/wp-json\/wp\/v2\/pages"}],"about":[{"href":"https:\/\/sauldie.org\/en\/wp-json\/wp\/v2\/types\/page"}],"author":[{"embeddable":true,"href":"https:\/\/sauldie.org\/en\/wp-json\/wp\/v2\/users\/2"}],"replies":[{"embeddable":true,"href":"https:\/\/sauldie.org\/en\/wp-json\/wp\/v2\/comments?post=320222"}],"version-history":[{"count":0,"href":"https:\/\/sauldie.org\/en\/wp-json\/wp\/v2\/pages\/320222\/revisions"}],"wp:attachment":[{"href":"https:\/\/sauldie.org\/en\/wp-json\/wp\/v2\/media?parent=320222"}],"wp:term":[{"taxonomy":"category","embeddable":true,"href":"https:\/\/sauldie.org\/en\/wp-json\/wp\/v2\/categories?post=320222"},{"taxonomy":"post_tag","embeddable":true,"href":"https:\/\/sauldie.org\/en\/wp-json\/wp\/v2\/tags?post=320222"}],"curies":[{"name":"wp","href":"https:\/\/api.w.org\/{rel}","templated":true}]}}