{"id":339643,"date":"2025-06-18T08:49:13","date_gmt":"2025-06-18T06:49:13","guid":{"rendered":"https:\/\/sauldie.org\/?page_id=339643"},"modified":"2025-06-18T09:05:35","modified_gmt":"2025-06-18T07:05:35","slug":"2026-institute","status":"publish","type":"page","link":"https:\/\/sauldie.org\/en\/2026-institute\/","title":{"rendered":"2026-Institutes"},"content":{"rendered":"<h2 class=\"wp-block-heading has-text-align-center\" id=\"h-unser-erkenntnisse-stammen-aus-der-seriosen-forschung-an-verschiedenen-instituten-und-akademien\">Our findings come from serious research at various institutes and academies: <\/h2>\n\n\n\n<p class=\"has-text-align-center\">This is where realisable practice is developed for companies. Discover the true power behind research - strategic, cost-efficient and time-saving! <strong>The best selection of reputable knowledge sources for CEOs, managing directors, decision-makers and executives with high standards is available exclusively here<\/strong>:<\/p>\n\n\n\n<div class=\"wp-block-columns is-layout-flex wp-container-core-columns-is-layout-9d6595d7 wp-block-columns-is-layout-flex\">\n<div class=\"wp-block-column is-vertically-aligned-top is-layout-flow wp-block-column-is-layout-flow\"><div class=\"wp-block-image\">\n<figure class=\"aligncenter size-full\"><img loading=\"lazy\" decoding=\"async\" width=\"2000\" height=\"1500\" src=\"https:\/\/sauldie.org\/wp-content\/uploads\/2025\/06\/eimia.png\" alt=\"\" class=\"wp-image-339647\" srcset=\"https:\/\/sauldie.org\/wp-content\/uploads\/2025\/06\/eimia.png 2000w, https:\/\/sauldie.org\/wp-content\/uploads\/2025\/06\/eimia-300x225.png 300w, https:\/\/sauldie.org\/wp-content\/uploads\/2025\/06\/eimia-1024x768.png 1024w, https:\/\/sauldie.org\/wp-content\/uploads\/2025\/06\/eimia-768x576.png 768w, https:\/\/sauldie.org\/wp-content\/uploads\/2025\/06\/eimia-1536x1152.png 1536w, https:\/\/sauldie.org\/wp-content\/uploads\/2025\/06\/eimia-16x12.png 16w\" sizes=\"auto, (max-width: 2000px) 100vw, 2000px\" \/><\/figure>\n<\/div>\n\n\n<a class=\"gb-button gb-button-083b1c83 gb-button-text\" href=\"https:\/\/sauldie.org\/en\/the-iroi-strategy\/\">discover the iROI - Internet Return on Invest strategy<\/a>\n\n\n\n<p>The EIMIA - European Internet Marketing Institute &amp; Academy - develops its own content on the subject of Internet marketing based on research results from practice for practice. This proprietary content is supplemented by carefully hand-picked and selected sources on the Internet. The iROI strategy was developed here.<\/p>\n<\/div>\n\n\n\n<div class=\"wp-block-column is-vertically-aligned-center is-layout-flow wp-block-column-is-layout-flow\">\n<figure class=\"wp-block-image size-large\"><img loading=\"lazy\" decoding=\"async\" width=\"1024\" height=\"768\" src=\"https:\/\/sauldie.org\/wp-content\/uploads\/2025\/01\/Kopie-von-edbia-1024x768.png\" alt=\"\" class=\"wp-image-328212\" srcset=\"https:\/\/sauldie.org\/wp-content\/uploads\/2025\/01\/Kopie-von-edbia-1024x768.png 1024w, https:\/\/sauldie.org\/wp-content\/uploads\/2025\/01\/Kopie-von-edbia-300x225.png 300w, https:\/\/sauldie.org\/wp-content\/uploads\/2025\/01\/Kopie-von-edbia-768x576.png 768w, https:\/\/sauldie.org\/wp-content\/uploads\/2025\/01\/Kopie-von-edbia-1536x1152.png 1536w, https:\/\/sauldie.org\/wp-content\/uploads\/2025\/01\/Kopie-von-edbia-16x12.png 16w, https:\/\/sauldie.org\/wp-content\/uploads\/2025\/01\/Kopie-von-edbia.png 2000w\" sizes=\"auto, (max-width: 1024px) 100vw, 1024px\" \/><\/figure>\n\n\n\n<a class=\"gb-button gb-button-afab9ba6 gb-button-text\" href=\"https:\/\/sauldie.org\/en\/digital-toolbox-transruption\/\">discover TRANSRUPTION, the toolbox for digitalisation <\/a>\n\n\n\n<p>The EDBIA - European Digital Business Institute &amp; Academy - develops practice-orientated content in the field of digital business based on sound research findings. In addition, the content is enriched by carefully selected and reliable sources from the Internet to ensure a comprehensive and high-quality offering. The digital toolbox TRANSRUPTION and the AI strategy KIROI were developed here.<\/p>\n<\/div>\n\n\n\n<div class=\"wp-block-column is-layout-flow wp-block-column-is-layout-flow\">\n<figure class=\"wp-block-image size-large\"><img loading=\"lazy\" decoding=\"async\" width=\"1024\" height=\"768\" src=\"https:\/\/sauldie.org\/wp-content\/uploads\/2025\/06\/ebleia-1024x768.png\" alt=\"\" class=\"wp-image-339644\" srcset=\"https:\/\/sauldie.org\/wp-content\/uploads\/2025\/06\/ebleia-1024x768.png 1024w, https:\/\/sauldie.org\/wp-content\/uploads\/2025\/06\/ebleia-300x225.png 300w, https:\/\/sauldie.org\/wp-content\/uploads\/2025\/06\/ebleia-768x576.png 768w, https:\/\/sauldie.org\/wp-content\/uploads\/2025\/06\/ebleia-16x12.png 16w, https:\/\/sauldie.org\/wp-content\/uploads\/2025\/06\/ebleia.png 1250w\" sizes=\"auto, (max-width: 1024px) 100vw, 1024px\" \/><\/figure>\n\n\n\n<a class=\"gb-button gb-button-870648d3 gb-button-text\" href=\"https:\/\/sauldie.org\/en\/digital-toolbox-transruption\/\">discover VEDAVIVA, Life &amp; Business Excellence<\/a>\n\n\n\n<p>The EBLEIA - European Life Excellence Institute &amp; Academy - produces practical content on the subject of quality of life and personal excellence, based on sound research findings. This offering is complemented by carefully selected, high-quality sources from the Internet to ensure a holistic and inspiring learning experience. Vedaviva as a concept for healthy lifestyles was developed here.<\/p>\n<\/div>\n<\/div>\n\n\n\n<h2 class=\"wp-block-heading has-text-align-center\" id=\"h-wir-garantieren-fur-alle-unsere-forschungsergebnisse\">We guarantee all our research results:<\/h2>\n\n\n\n<ol class=\"wp-block-list\">\n<li><strong>Premium quality:<\/strong><br>You will receive\u00a0<strong>Reliable, high-quality information<\/strong>\u00a0pre-filtered for you from the opaque jungle of the infinite Internet - you save yourself the tedious task of collating and checking the multitude of sometimes contradictory statements on the Internet and often redundant sources.<\/li>\n\n\n\n<li><strong>Fast and competent:<\/strong><br>You will receive\u00a0<strong>certified,<\/strong>\u00a0<strong>Compact knowledge in the shortest possible time<\/strong>\u00a0- You save yourself\u00a0<strong>valuable time<\/strong>because the information is researched to the point, contains no gobbledygook and thus remains comprehensible so that you can quickly grasp everything worth knowing.<\/li>\n\n\n\n<li><strong>Service:<\/strong><br>You will receive\u00a0<strong>current<\/strong>\u00a0<strong>Information,\u00a0<\/strong>because the contents are constantly updated, and are therefore always up to date with the really important changes - you can thus\u00a0<strong>Participate competently and on an equal footing in discussions, meetings and discussions and provide new impetus<\/strong>.<\/li>\n<\/ol>\n\n\n\n<p><\/p>","protected":false},"excerpt":{"rendered":"<p>Our findings come from serious research at various institutes and academies: This is where realisable practice is developed for companies. Discover the real power behind the research - strategic, cost-efficient and time-saving! The best selection of reputable knowledge sources for CEOs, managing directors, decision-makers and executives with high standards is available exclusively here: ... <a title=\"2026-Institutes\" class=\"read-more\" href=\"https:\/\/sauldie.org\/en\/2026-institute\/\" aria-label=\"Read more about 2026-Institute\">Read more<\/a><\/p>","protected":false},"author":1,"featured_media":0,"parent":0,"menu_order":0,"comment_status":"closed","ping_status":"closed","template":"","meta":{"footnotes":""},"categories":[],"tags":[],"class_list":["post-339643","page","type-page","status-publish"],"rmp_feedback_val_new":null,"_yoast_wpseo_primary_category":"","_yoast_wpseo_focuskeywords":"","rmp_vote_count":null,"rmp_rating_val_sum":null,"rmp_avg_rating":null,"_yoast_wpseo_focuskw":null,"_yoast_wpseo_title":null,"_yoast_wpseo_metadesc":null,"yoast_head":"<!-- This site is optimized with the Yoast SEO Premium plugin v26.8 (Yoast SEO v26.8) - https:\/\/yoast.com\/product\/yoast-seo-premium-wordpress\/ -->\n<title>2026-Institute - SAULDIE - Life Excellence und Business Excellence<\/title>\n<meta name=\"robots\" content=\"index, follow, max-snippet:-1, max-image-preview:large, max-video-preview:-1\" \/>\n<link rel=\"canonical\" href=\"https:\/\/sauldie.org\/en\/2026-institute\/\" \/>\n<meta property=\"og:locale\" content=\"en_GB\" \/>\n<meta property=\"og:type\" content=\"article\" \/>\n<meta property=\"og:title\" content=\"2026-Institute\" \/>\n<meta property=\"og:description\" content=\"Unser Erkenntnisse stammen aus der seri\u00f6sen Forschung an verschiedenen Instituten und Akademien: Hier wird die umsetzbare Praxis f\u00fcr Unternehmen entwickelt. Entdecken Sie die wahre Kraft, die hinter der Forschung steckt \u2013 strategisch, kosteneffizient und zeitsparend! Die beste Auswahl aus seri\u00f6sen Wissens-Quellen f\u00fcr CEOs, Gesch\u00e4ftsf\u00fchrer, Entscheider und F\u00fchrungskr\u00e4fte mit hohen Anspr\u00fcchen erhalten Sie exklusiv nur hier: ... Read more\" \/>\n<meta property=\"og:url\" content=\"https:\/\/sauldie.org\/en\/2026-institute\/\" \/>\n<meta property=\"og:site_name\" content=\"SAULDIE - Life Excellence und Business Excellence\" \/>\n<meta property=\"article:modified_time\" content=\"2025-06-18T07:05:35+00:00\" \/>\n<meta property=\"og:image\" content=\"https:\/\/sauldie.org\/wp-content\/uploads\/2025\/06\/eimia.png\" \/>\n\t<meta property=\"og:image:width\" content=\"2000\" \/>\n\t<meta property=\"og:image:height\" content=\"1500\" \/>\n\t<meta property=\"og:image:type\" content=\"image\/png\" \/>\n<meta name=\"twitter:card\" content=\"summary_large_image\" \/>\n<meta name=\"twitter:label1\" content=\"Estimated reading time\" \/>\n\t<meta name=\"twitter:data1\" content=\"3 minutes\" \/>\n<script type=\"application\/ld+json\" class=\"yoast-schema-graph\">{\"@context\":\"https:\/\/schema.org\",\"@graph\":[{\"@type\":\"WebPage\",\"@id\":\"https:\/\/sauldie.org\/2026-institute\/\",\"url\":\"https:\/\/sauldie.org\/2026-institute\/\",\"name\":\"2026-Institute - SAULDIE - Life Excellence und Business Excellence\",\"isPartOf\":{\"@id\":\"https:\/\/sauldie.org\/#website\"},\"primaryImageOfPage\":{\"@id\":\"https:\/\/sauldie.org\/2026-institute\/#primaryimage\"},\"image\":{\"@id\":\"https:\/\/sauldie.org\/2026-institute\/#primaryimage\"},\"thumbnailUrl\":\"https:\/\/sauldie.org\/wp-content\/uploads\/2025\/06\/eimia.png\",\"datePublished\":\"2025-06-18T06:49:13+00:00\",\"dateModified\":\"2025-06-18T07:05:35+00:00\",\"breadcrumb\":{\"@id\":\"https:\/\/sauldie.org\/2026-institute\/#breadcrumb\"},\"inLanguage\":\"en-GB\",\"potentialAction\":[{\"@type\":\"ReadAction\",\"target\":[\"https:\/\/sauldie.org\/2026-institute\/\"]}]},{\"@type\":\"ImageObject\",\"inLanguage\":\"en-GB\",\"@id\":\"https:\/\/sauldie.org\/2026-institute\/#primaryimage\",\"url\":\"https:\/\/sauldie.org\/wp-content\/uploads\/2025\/06\/eimia.png\",\"contentUrl\":\"https:\/\/sauldie.org\/wp-content\/uploads\/2025\/06\/eimia.png\"},{\"@type\":\"BreadcrumbList\",\"@id\":\"https:\/\/sauldie.org\/2026-institute\/#breadcrumb\",\"itemListElement\":[{\"@type\":\"ListItem\",\"position\":1,\"name\":\"Startseite\",\"item\":\"https:\/\/sauldie.org\/\"},{\"@type\":\"ListItem\",\"position\":2,\"name\":\"2026-Institute\"}]},{\"@type\":\"WebSite\",\"@id\":\"https:\/\/sauldie.org\/#website\",\"url\":\"https:\/\/sauldie.org\/\",\"name\":\"Life Excellence & Business Excellence\",\"description\":\"\",\"publisher\":{\"@id\":\"https:\/\/sauldie.org\/#organization\"},\"potentialAction\":[{\"@type\":\"SearchAction\",\"target\":{\"@type\":\"EntryPoint\",\"urlTemplate\":\"https:\/\/sauldie.org\/?s={search_term_string}\"},\"query-input\":{\"@type\":\"PropertyValueSpecification\",\"valueRequired\":true,\"valueName\":\"search_term_string\"}}],\"inLanguage\":\"en-GB\"},{\"@type\":[\"Organization\",\"Place\"],\"@id\":\"https:\/\/sauldie.org\/#organization\",\"name\":\"sauldie.org\",\"url\":\"https:\/\/sauldie.org\/\",\"logo\":{\"@id\":\"https:\/\/sauldie.org\/2026-institute\/#local-main-organization-logo\"},\"image\":{\"@id\":\"https:\/\/sauldie.org\/2026-institute\/#local-main-organization-logo\"},\"telephone\":[],\"openingHoursSpecification\":[{\"@type\":\"OpeningHoursSpecification\",\"dayOfWeek\":[\"Monday\",\"Tuesday\",\"Wednesday\",\"Thursday\",\"Friday\",\"Saturday\",\"Sunday\"],\"opens\":\"09:00\",\"closes\":\"17:00\"}]},{\"@type\":\"ImageObject\",\"inLanguage\":\"en-GB\",\"@id\":\"https:\/\/sauldie.org\/2026-institute\/#local-main-organization-logo\",\"url\":\"https:\/\/sauldie.org\/wp-content\/uploads\/2025\/06\/400dpiLogo-scaled.png\",\"contentUrl\":\"https:\/\/sauldie.org\/wp-content\/uploads\/2025\/06\/400dpiLogo-scaled.png\",\"width\":2560,\"height\":1546,\"caption\":\"sauldie.org\"}]}<\/script>\n<!-- \/ Yoast SEO Premium plugin. -->","yoast_head_json":{"title":"2026-Institute - SAULDIE - Life Excellence and Business Excellence","robots":{"index":"index","follow":"follow","max-snippet":"max-snippet:-1","max-image-preview":"max-image-preview:large","max-video-preview":"max-video-preview:-1"},"canonical":"https:\/\/sauldie.org\/en\/2026-institute\/","og_locale":"en_GB","og_type":"article","og_title":"2026-Institute","og_description":"Unser Erkenntnisse stammen aus der seri\u00f6sen Forschung an verschiedenen Instituten und Akademien: Hier wird die umsetzbare Praxis f\u00fcr Unternehmen entwickelt. Entdecken Sie die wahre Kraft, die hinter der Forschung steckt \u2013 strategisch, kosteneffizient und zeitsparend! Die beste Auswahl aus seri\u00f6sen Wissens-Quellen f\u00fcr CEOs, Gesch\u00e4ftsf\u00fchrer, Entscheider und F\u00fchrungskr\u00e4fte mit hohen Anspr\u00fcchen erhalten Sie exklusiv nur hier: ... Read more","og_url":"https:\/\/sauldie.org\/en\/2026-institute\/","og_site_name":"SAULDIE - Life Excellence und Business Excellence","article_modified_time":"2025-06-18T07:05:35+00:00","og_image":[{"width":2000,"height":1500,"url":"https:\/\/sauldie.org\/wp-content\/uploads\/2025\/06\/eimia.png","type":"image\/png"}],"twitter_card":"summary_large_image","twitter_misc":{"Estimated reading time":"3 minutes"},"schema":{"@context":"https:\/\/schema.org","@graph":[{"@type":"WebPage","@id":"https:\/\/sauldie.org\/2026-institute\/","url":"https:\/\/sauldie.org\/2026-institute\/","name":"2026-Institute - SAULDIE - Life Excellence and Business Excellence","isPartOf":{"@id":"https:\/\/sauldie.org\/#website"},"primaryImageOfPage":{"@id":"https:\/\/sauldie.org\/2026-institute\/#primaryimage"},"image":{"@id":"https:\/\/sauldie.org\/2026-institute\/#primaryimage"},"thumbnailUrl":"https:\/\/sauldie.org\/wp-content\/uploads\/2025\/06\/eimia.png","datePublished":"2025-06-18T06:49:13+00:00","dateModified":"2025-06-18T07:05:35+00:00","breadcrumb":{"@id":"https:\/\/sauldie.org\/2026-institute\/#breadcrumb"},"inLanguage":"en-GB","potentialAction":[{"@type":"ReadAction","target":["https:\/\/sauldie.org\/2026-institute\/"]}]},{"@type":"ImageObject","inLanguage":"en-GB","@id":"https:\/\/sauldie.org\/2026-institute\/#primaryimage","url":"https:\/\/sauldie.org\/wp-content\/uploads\/2025\/06\/eimia.png","contentUrl":"https:\/\/sauldie.org\/wp-content\/uploads\/2025\/06\/eimia.png"},{"@type":"BreadcrumbList","@id":"https:\/\/sauldie.org\/2026-institute\/#breadcrumb","itemListElement":[{"@type":"ListItem","position":1,"name":"Startseite","item":"https:\/\/sauldie.org\/"},{"@type":"ListItem","position":2,"name":"2026-Institute"}]},{"@type":"WebSite","@id":"https:\/\/sauldie.org\/#website","url":"https:\/\/sauldie.org\/","name":"Life Excellence &amp; Business Excellence","description":"","publisher":{"@id":"https:\/\/sauldie.org\/#organization"},"potentialAction":[{"@type":"SearchAction","target":{"@type":"EntryPoint","urlTemplate":"https:\/\/sauldie.org\/?s={search_term_string}"},"query-input":{"@type":"PropertyValueSpecification","valueRequired":true,"valueName":"search_term_string"}}],"inLanguage":"en-GB"},{"@type":["Organization","Place"],"@id":"https:\/\/sauldie.org\/#organization","name":"sauldie.org","url":"https:\/\/sauldie.org\/","logo":{"@id":"https:\/\/sauldie.org\/2026-institute\/#local-main-organization-logo"},"image":{"@id":"https:\/\/sauldie.org\/2026-institute\/#local-main-organization-logo"},"telephone":[],"openingHoursSpecification":[{"@type":"OpeningHoursSpecification","dayOfWeek":["Monday","Tuesday","Wednesday","Thursday","Friday","Saturday","Sunday"],"opens":"09:00","closes":"17:00"}]},{"@type":"ImageObject","inLanguage":"en-GB","@id":"https:\/\/sauldie.org\/2026-institute\/#local-main-organization-logo","url":"https:\/\/sauldie.org\/wp-content\/uploads\/2025\/06\/400dpiLogo-scaled.png","contentUrl":"https:\/\/sauldie.org\/wp-content\/uploads\/2025\/06\/400dpiLogo-scaled.png","width":2560,"height":1546,"caption":"sauldie.org"}]}},"_links":{"self":[{"href":"https:\/\/sauldie.org\/en\/wp-json\/wp\/v2\/pages\/339643","targetHints":{"allow":["GET"]}}],"collection":[{"href":"https:\/\/sauldie.org\/en\/wp-json\/wp\/v2\/pages"}],"about":[{"href":"https:\/\/sauldie.org\/en\/wp-json\/wp\/v2\/types\/page"}],"author":[{"embeddable":true,"href":"https:\/\/sauldie.org\/en\/wp-json\/wp\/v2\/users\/1"}],"replies":[{"embeddable":true,"href":"https:\/\/sauldie.org\/en\/wp-json\/wp\/v2\/comments?post=339643"}],"version-history":[{"count":0,"href":"https:\/\/sauldie.org\/en\/wp-json\/wp\/v2\/pages\/339643\/revisions"}],"wp:attachment":[{"href":"https:\/\/sauldie.org\/en\/wp-json\/wp\/v2\/media?parent=339643"}],"wp:term":[{"taxonomy":"category","embeddable":true,"href":"https:\/\/sauldie.org\/en\/wp-json\/wp\/v2\/categories?post=339643"},{"taxonomy":"post_tag","embeddable":true,"href":"https:\/\/sauldie.org\/en\/wp-json\/wp\/v2\/tags?post=339643"}],"curies":[{"name":"wp","href":"https:\/\/api.w.org\/{rel}","templated":true}]}}