{"id":340980,"date":"2025-08-05T10:13:01","date_gmt":"2025-08-05T08:13:01","guid":{"rendered":"https:\/\/sauldie.org\/?page_id=340980"},"modified":"2026-01-31T20:14:33","modified_gmt":"2026-01-31T19:14:33","slug":"buy-pink-evergreen-books-here","status":"publish","type":"page","link":"https:\/\/sauldie.org\/en\/buy-pink-evergreen-books-here\/","title":{"rendered":"#Rosa Immergr\u00fcn: Buy books here"},"content":{"rendered":"<h2 class=\"wp-block-heading\" id=\"h-bucher-online-bestellen-oder-in-ausgesuchten-markten-kaufen\">Order books online or buy them in selected stores:<\/h2>\n\n\n\n<div class=\"wp-block-columns is-layout-flex wp-container-core-columns-is-layout-9d6595d7 wp-block-columns-is-layout-flex\">\n<div class=\"wp-block-column is-layout-flow wp-block-column-is-layout-flow\"><div class=\"wp-block-image\">\n<figure class=\"aligncenter size-full is-resized\"><a href=\"https:\/\/ebay.us\/m\/NNbuaz\" target=\"_blank\" rel=\" noreferrer noopener\"><img loading=\"lazy\" decoding=\"async\" width=\"300\" height=\"300\" src=\"https:\/\/sauldie.org\/wp-content\/uploads\/2025\/08\/1.png\" alt=\"\" class=\"wp-image-340983\" style=\"object-fit:cover;width:300px;height:300px\" srcset=\"https:\/\/sauldie.org\/wp-content\/uploads\/2025\/08\/1.png 300w, https:\/\/sauldie.org\/wp-content\/uploads\/2025\/08\/1-150x150.png 150w, https:\/\/sauldie.org\/wp-content\/uploads\/2025\/08\/1-12x12.png 12w\" sizes=\"auto, (max-width: 300px) 100vw, 300px\" \/><\/a><figcaption class=\"wp-element-caption\">eBay online shop<\/figcaption><\/figure>\n<\/div><\/div>\n\n\n\n<div class=\"wp-block-column is-layout-flow wp-block-column-is-layout-flow\"><div class=\"wp-block-image\">\n<figure class=\"aligncenter size-full is-resized\"><a href=\"https:\/\/www.booklooker.de\/B%C3%BCcher\/Kira-Kimmelmann+Rosa-Immergr%C3%BCn-und-das-goldene-Eichenblatt\/id\/A02KaMmn01ZZM\" target=\"_blank\" rel=\" noreferrer noopener\"><img loading=\"lazy\" decoding=\"async\" width=\"300\" height=\"300\" src=\"https:\/\/sauldie.org\/wp-content\/uploads\/2025\/08\/2.png\" alt=\"\" class=\"wp-image-340984\" style=\"object-fit:cover;width:300px;height:300px\" srcset=\"https:\/\/sauldie.org\/wp-content\/uploads\/2025\/08\/2.png 300w, https:\/\/sauldie.org\/wp-content\/uploads\/2025\/08\/2-150x150.png 150w, https:\/\/sauldie.org\/wp-content\/uploads\/2025\/08\/2-12x12.png 12w\" sizes=\"auto, (max-width: 300px) 100vw, 300px\" \/><\/a><figcaption class=\"wp-element-caption\">Booklooker-Online Shop<\/figcaption><\/figure>\n<\/div><\/div>\n\n\n\n<div class=\"wp-block-column is-layout-flow wp-block-column-is-layout-flow\">\n<figure class=\"wp-block-image size-full is-resized\"><a href=\"https:\/\/www.rewe.de\/marktseite\/oberaula\/1464033\/rewe-markt-schwimmbadstrasse-1?ecid=seo_localseo_1464033_g_nn_nn_nn_nn_nn\" target=\"_blank\" rel=\" noreferrer noopener\"><img loading=\"lazy\" decoding=\"async\" width=\"500\" height=\"500\" src=\"https:\/\/sauldie.org\/wp-content\/uploads\/2025\/08\/KIJACZEK.png\" alt=\"\" class=\"wp-image-342963\" style=\"object-fit:cover;width:300px;height:300px\" srcset=\"https:\/\/sauldie.org\/wp-content\/uploads\/2025\/08\/KIJACZEK.png 500w, https:\/\/sauldie.org\/wp-content\/uploads\/2025\/08\/KIJACZEK-300x300.png 300w, https:\/\/sauldie.org\/wp-content\/uploads\/2025\/08\/KIJACZEK-150x150.png 150w, https:\/\/sauldie.org\/wp-content\/uploads\/2025\/08\/KIJACZEK-12x12.png 12w\" sizes=\"auto, (max-width: 500px) 100vw, 500px\" \/><\/a><figcaption class=\"wp-element-caption\">Schwimmbadstra\u00dfe 1, 36280 Oberaula<br><\/figcaption><\/figure>\n<\/div>\n<\/div>\n\n\n\n<div class=\"wp-block-columns is-layout-flex wp-container-core-columns-is-layout-9d6595d7 wp-block-columns-is-layout-flex\">\n<div class=\"wp-block-column is-layout-flow wp-block-column-is-layout-flow\">\n<figure class=\"wp-block-image size-full is-resized\"><a href=\"https:\/\/rewe-kraemer-schotten.de\/\" target=\"_blank\" rel=\" noreferrer noopener\"><img loading=\"lazy\" decoding=\"async\" width=\"500\" height=\"500\" src=\"https:\/\/sauldie.org\/wp-content\/uploads\/2025\/08\/Kraemer.png\" alt=\"\" class=\"wp-image-342979\" style=\"object-fit:cover;width:300px;height:300px\" srcset=\"https:\/\/sauldie.org\/wp-content\/uploads\/2025\/08\/Kraemer.png 500w, https:\/\/sauldie.org\/wp-content\/uploads\/2025\/08\/Kraemer-300x300.png 300w, https:\/\/sauldie.org\/wp-content\/uploads\/2025\/08\/Kraemer-150x150.png 150w, https:\/\/sauldie.org\/wp-content\/uploads\/2025\/08\/Kraemer-12x12.png 12w\" sizes=\"auto, (max-width: 500px) 100vw, 500px\" \/><\/a><figcaption class=\"wp-element-caption\">Vogelbergstr. 19, 63679 Schotten<\/figcaption><\/figure>\n<\/div>\n\n\n\n<div class=\"wp-block-column is-layout-flow wp-block-column-is-layout-flow\">\n<figure class=\"wp-block-image size-full is-resized\"><a href=\"https:\/\/www.rewe.de\/marktseite\/euerdorf\/9086002\/rewe-markt-siebenaecker-3\/\" target=\"_blank\" rel=\" noreferrer noopener\"><img loading=\"lazy\" decoding=\"async\" width=\"500\" height=\"500\" src=\"https:\/\/sauldie.org\/wp-content\/uploads\/2025\/08\/Euerdorf.png\" alt=\"\" class=\"wp-image-342982\" style=\"object-fit:cover;width:300px;height:300px\" srcset=\"https:\/\/sauldie.org\/wp-content\/uploads\/2025\/08\/Euerdorf.png 500w, https:\/\/sauldie.org\/wp-content\/uploads\/2025\/08\/Euerdorf-300x300.png 300w, https:\/\/sauldie.org\/wp-content\/uploads\/2025\/08\/Euerdorf-150x150.png 150w, https:\/\/sauldie.org\/wp-content\/uploads\/2025\/08\/Euerdorf-12x12.png 12w\" sizes=\"auto, (max-width: 500px) 100vw, 500px\" \/><\/a><figcaption class=\"wp-element-caption\">Sieben\u00e4cker 3, 97717 Euerdorf<\/figcaption><\/figure>\n<\/div>\n\n\n\n<div class=\"wp-block-column is-layout-flow wp-block-column-is-layout-flow\">\n<figure class=\"wp-block-image size-full is-resized\"><a href=\"https:\/\/www.rewe.de\/marktseite\/arnstein\/441064\/rewe-markt-hofriedplatz-2-a\/\" target=\"_blank\" rel=\" noreferrer noopener\"><img loading=\"lazy\" decoding=\"async\" width=\"500\" height=\"500\" src=\"https:\/\/sauldie.org\/wp-content\/uploads\/2025\/08\/Arnstein.png\" alt=\"\" class=\"wp-image-342984\" style=\"object-fit:cover;width:300px;height:300px\" srcset=\"https:\/\/sauldie.org\/wp-content\/uploads\/2025\/08\/Arnstein.png 500w, https:\/\/sauldie.org\/wp-content\/uploads\/2025\/08\/Arnstein-300x300.png 300w, https:\/\/sauldie.org\/wp-content\/uploads\/2025\/08\/Arnstein-150x150.png 150w, https:\/\/sauldie.org\/wp-content\/uploads\/2025\/08\/Arnstein-12x12.png 12w\" sizes=\"auto, (max-width: 500px) 100vw, 500px\" \/><\/a><figcaption class=\"wp-element-caption\">Hofriedplatz 2 a, 97450 Arnstein<\/figcaption><\/figure>\n<\/div>\n<\/div>\n\n\n\n<div class=\"wp-block-columns is-layout-flex wp-container-core-columns-is-layout-9d6595d7 wp-block-columns-is-layout-flex\">\n<div class=\"wp-block-column is-layout-flow wp-block-column-is-layout-flow\">\n<figure class=\"wp-block-image size-full is-resized\"><a href=\"https:\/\/rewe-sternberger.de\/\" target=\"_blank\" rel=\" noreferrer noopener\"><img loading=\"lazy\" decoding=\"async\" width=\"500\" height=\"500\" src=\"https:\/\/sauldie.org\/wp-content\/uploads\/2025\/08\/Sternberger.png\" alt=\"\" class=\"wp-image-342987\" style=\"object-fit:cover;width:300px;height:300px\" srcset=\"https:\/\/sauldie.org\/wp-content\/uploads\/2025\/08\/Sternberger.png 500w, https:\/\/sauldie.org\/wp-content\/uploads\/2025\/08\/Sternberger-300x300.png 300w, https:\/\/sauldie.org\/wp-content\/uploads\/2025\/08\/Sternberger-150x150.png 150w, https:\/\/sauldie.org\/wp-content\/uploads\/2025\/08\/Sternberger-12x12.png 12w\" sizes=\"auto, (max-width: 500px) 100vw, 500px\" \/><\/a><figcaption class=\"wp-element-caption\">Heufurter Str. 10-12, 97647 Nordheim<\/figcaption><\/figure>\n<\/div>\n\n\n\n<div class=\"wp-block-column is-layout-flow wp-block-column-is-layout-flow\"><\/div>\n\n\n\n<div class=\"wp-block-column is-layout-flow wp-block-column-is-layout-flow\"><\/div>\n<\/div>\n\n\n\n<a href=\"https:\/\/rosaimmergruen.myspreadshop.de\/rosa+immergr%C3%BCn+-+der+shop+f%C3%BCr+heldinnen+und+helden?idea=68878476a7eb6143e243f561\" target=\"_blank\" rel=\"noopener\"><img loading=\"lazy\" decoding=\"async\" width=\"1920\" height=\"1080\" class=\"gb-media-546754dd\" alt=\"\" src=\"https:\/\/sauldie.org\/wp-content\/uploads\/2025\/08\/Jetzt-T-Shirts-Tassen-etc.-bestellen.png\" title=\"Order T-shirts, mugs etc. now\" srcset=\"https:\/\/sauldie.org\/wp-content\/uploads\/2025\/08\/Jetzt-T-Shirts-Tassen-etc.-bestellen.png 1920w, https:\/\/sauldie.org\/wp-content\/uploads\/2025\/08\/Jetzt-T-Shirts-Tassen-etc.-bestellen-300x169.png 300w, https:\/\/sauldie.org\/wp-content\/uploads\/2025\/08\/Jetzt-T-Shirts-Tassen-etc.-bestellen-1024x576.png 1024w, https:\/\/sauldie.org\/wp-content\/uploads\/2025\/08\/Jetzt-T-Shirts-Tassen-etc.-bestellen-768x432.png 768w, https:\/\/sauldie.org\/wp-content\/uploads\/2025\/08\/Jetzt-T-Shirts-Tassen-etc.-bestellen-1536x864.png 1536w, https:\/\/sauldie.org\/wp-content\/uploads\/2025\/08\/Jetzt-T-Shirts-Tassen-etc.-bestellen-18x10.png 18w\" sizes=\"auto, (max-width: 1920px) 100vw, 1920px\" \/><\/a>\n\n\n\n<p class=\"has-text-align-center\"><a href=\"https:\/\/rosaimmergruen.myspreadshop.de\/rosa+immergr%C3%BCn+-+der+shop+f%C3%BCr+heldinnen+und+helden?idea=68878476a7eb6143e243f561\" target=\"_blank\" rel=\"noreferrer noopener\">Are you looking for our Rosa Immergr\u00fcn shop with T-shirts, mugs etc? Just click here, please.<\/a><\/p>\n\n\n\n<p>Red markings: KIKI on Tour: live readings take place here, Green markings: the book can be purchased directly at these locations<\/p>\n\n\n\n<iframe loading=\"lazy\" src=\"https:\/\/www.google.com\/maps\/d\/embed?mid=1Uy1R_LRKA_41WIcYgpXaeExTurcwAr4&#038;ehbc=2E312F\"  width=\"100%\" height=\"480\"><\/iframe>","protected":false},"excerpt":{"rendered":"<p>Order books online or buy them in selected markets: Are you looking for our Rosa Immergr\u00fcn shop with T-shirts, mugs etc? Just click here, please. Red markings: KIKI on Tour: live readings here, Green markings: the book can be purchased directly at these locations<\/p>","protected":false},"author":1,"featured_media":0,"parent":0,"menu_order":0,"comment_status":"closed","ping_status":"closed","template":"","meta":{"footnotes":""},"categories":[3066],"tags":[],"class_list":{"0":"post-340980","1":"page","2":"type-page","3":"status-publish","5":"category-kira-kimmelmann-seiten"},"rmp_feedback_val_new":null,"_yoast_wpseo_primary_category":"3066","_yoast_wpseo_focuskeywords":"","rmp_vote_count":null,"rmp_rating_val_sum":null,"rmp_avg_rating":null,"_yoast_wpseo_focuskw":null,"_yoast_wpseo_title":null,"_yoast_wpseo_metadesc":null,"yoast_head":"<!-- This site is optimized with the Yoast SEO Premium plugin v26.8 (Yoast SEO v26.8) - https:\/\/yoast.com\/product\/yoast-seo-premium-wordpress\/ -->\n<title>#Rosa Immergr\u00fcn: B\u00fccher hier kaufen - SAULDIE - Life Excellence und Business Excellence<\/title>\n<meta name=\"robots\" content=\"index, follow, max-snippet:-1, max-image-preview:large, max-video-preview:-1\" \/>\n<link rel=\"canonical\" href=\"https:\/\/sauldie.org\/en\/buy-pink-evergreen-books-here\/\" \/>\n<meta property=\"og:locale\" content=\"en_GB\" \/>\n<meta property=\"og:type\" content=\"article\" \/>\n<meta property=\"og:title\" content=\"#Rosa Immergr\u00fcn: B\u00fccher hier kaufen\" \/>\n<meta property=\"og:description\" content=\"B\u00fccher online bestellen oder in ausgesuchten M\u00e4rkten kaufen: Du suchst unseren Rosa Immergr\u00fcn-Shop mit T-Shirts, Tassen etc? Einfach hier klicken, bitte. Rote Markierungen: KIKI on Tour: Hier wird live vorgelesen, Gr\u00fcne Markierungen: an diesen Orten kann das Buch direkt gekauft werden\" \/>\n<meta property=\"og:url\" content=\"https:\/\/sauldie.org\/en\/buy-pink-evergreen-books-here\/\" \/>\n<meta property=\"og:site_name\" content=\"SAULDIE - Life Excellence und Business Excellence\" \/>\n<meta property=\"article:modified_time\" content=\"2026-01-31T19:14:33+00:00\" \/>\n<meta property=\"og:image\" content=\"https:\/\/sauldie.org\/wp-content\/uploads\/2025\/08\/1.png\" \/>\n\t<meta property=\"og:image:width\" content=\"300\" \/>\n\t<meta property=\"og:image:height\" content=\"300\" \/>\n\t<meta property=\"og:image:type\" content=\"image\/png\" \/>\n<meta name=\"twitter:card\" content=\"summary_large_image\" \/>\n<meta name=\"twitter:label1\" content=\"Estimated reading time\" \/>\n\t<meta name=\"twitter:data1\" content=\"2 minutes\" \/>\n<script type=\"application\/ld+json\" class=\"yoast-schema-graph\">{\"@context\":\"https:\/\/schema.org\",\"@graph\":[{\"@type\":\"WebPage\",\"@id\":\"https:\/\/sauldie.org\/rosa-immergruen-buecher-hier-kaufen\/\",\"url\":\"https:\/\/sauldie.org\/rosa-immergruen-buecher-hier-kaufen\/\",\"name\":\"#Rosa Immergr\u00fcn: B\u00fccher hier kaufen - SAULDIE - Life Excellence und Business Excellence\",\"isPartOf\":{\"@id\":\"https:\/\/sauldie.org\/#website\"},\"primaryImageOfPage\":{\"@id\":\"https:\/\/sauldie.org\/rosa-immergruen-buecher-hier-kaufen\/#primaryimage\"},\"image\":{\"@id\":\"https:\/\/sauldie.org\/rosa-immergruen-buecher-hier-kaufen\/#primaryimage\"},\"thumbnailUrl\":\"https:\/\/sauldie.org\/wp-content\/uploads\/2025\/08\/1.png\",\"datePublished\":\"2025-08-05T08:13:01+00:00\",\"dateModified\":\"2026-01-31T19:14:33+00:00\",\"breadcrumb\":{\"@id\":\"https:\/\/sauldie.org\/rosa-immergruen-buecher-hier-kaufen\/#breadcrumb\"},\"inLanguage\":\"en-GB\",\"potentialAction\":[{\"@type\":\"ReadAction\",\"target\":[\"https:\/\/sauldie.org\/rosa-immergruen-buecher-hier-kaufen\/\"]}]},{\"@type\":\"ImageObject\",\"inLanguage\":\"en-GB\",\"@id\":\"https:\/\/sauldie.org\/rosa-immergruen-buecher-hier-kaufen\/#primaryimage\",\"url\":\"https:\/\/sauldie.org\/wp-content\/uploads\/2025\/08\/1.png\",\"contentUrl\":\"https:\/\/sauldie.org\/wp-content\/uploads\/2025\/08\/1.png\"},{\"@type\":\"BreadcrumbList\",\"@id\":\"https:\/\/sauldie.org\/rosa-immergruen-buecher-hier-kaufen\/#breadcrumb\",\"itemListElement\":[{\"@type\":\"ListItem\",\"position\":1,\"name\":\"Startseite\",\"item\":\"https:\/\/sauldie.org\/\"},{\"@type\":\"ListItem\",\"position\":2,\"name\":\"#Rosa Immergr\u00fcn: B\u00fccher hier kaufen\"}]},{\"@type\":\"WebSite\",\"@id\":\"https:\/\/sauldie.org\/#website\",\"url\":\"https:\/\/sauldie.org\/\",\"name\":\"Life Excellence & Business Excellence\",\"description\":\"\",\"publisher\":{\"@id\":\"https:\/\/sauldie.org\/#organization\"},\"potentialAction\":[{\"@type\":\"SearchAction\",\"target\":{\"@type\":\"EntryPoint\",\"urlTemplate\":\"https:\/\/sauldie.org\/?s={search_term_string}\"},\"query-input\":{\"@type\":\"PropertyValueSpecification\",\"valueRequired\":true,\"valueName\":\"search_term_string\"}}],\"inLanguage\":\"en-GB\"},{\"@type\":[\"Organization\",\"Place\"],\"@id\":\"https:\/\/sauldie.org\/#organization\",\"name\":\"sauldie.org\",\"url\":\"https:\/\/sauldie.org\/\",\"logo\":{\"@id\":\"https:\/\/sauldie.org\/rosa-immergruen-buecher-hier-kaufen\/#local-main-organization-logo\"},\"image\":{\"@id\":\"https:\/\/sauldie.org\/rosa-immergruen-buecher-hier-kaufen\/#local-main-organization-logo\"},\"telephone\":[],\"openingHoursSpecification\":[{\"@type\":\"OpeningHoursSpecification\",\"dayOfWeek\":[\"Monday\",\"Tuesday\",\"Wednesday\",\"Thursday\",\"Friday\",\"Saturday\",\"Sunday\"],\"opens\":\"09:00\",\"closes\":\"17:00\"}]},{\"@type\":\"ImageObject\",\"inLanguage\":\"en-GB\",\"@id\":\"https:\/\/sauldie.org\/rosa-immergruen-buecher-hier-kaufen\/#local-main-organization-logo\",\"url\":\"https:\/\/sauldie.org\/wp-content\/uploads\/2025\/06\/400dpiLogo-scaled.png\",\"contentUrl\":\"https:\/\/sauldie.org\/wp-content\/uploads\/2025\/06\/400dpiLogo-scaled.png\",\"width\":2560,\"height\":1546,\"caption\":\"sauldie.org\"}]}<\/script>\n<!-- \/ Yoast SEO Premium plugin. -->","yoast_head_json":{"title":"#Rosa Immergr\u00fcn: Buy books here - SAULDIE - Life Excellence and Business Excellence","robots":{"index":"index","follow":"follow","max-snippet":"max-snippet:-1","max-image-preview":"max-image-preview:large","max-video-preview":"max-video-preview:-1"},"canonical":"https:\/\/sauldie.org\/en\/buy-pink-evergreen-books-here\/","og_locale":"en_GB","og_type":"article","og_title":"#Rosa Immergr\u00fcn: B\u00fccher hier kaufen","og_description":"B\u00fccher online bestellen oder in ausgesuchten M\u00e4rkten kaufen: Du suchst unseren Rosa Immergr\u00fcn-Shop mit T-Shirts, Tassen etc? Einfach hier klicken, bitte. Rote Markierungen: KIKI on Tour: Hier wird live vorgelesen, Gr\u00fcne Markierungen: an diesen Orten kann das Buch direkt gekauft werden","og_url":"https:\/\/sauldie.org\/en\/buy-pink-evergreen-books-here\/","og_site_name":"SAULDIE - Life Excellence und Business Excellence","article_modified_time":"2026-01-31T19:14:33+00:00","og_image":[{"width":300,"height":300,"url":"https:\/\/sauldie.org\/wp-content\/uploads\/2025\/08\/1.png","type":"image\/png"}],"twitter_card":"summary_large_image","twitter_misc":{"Estimated reading time":"2 minutes"},"schema":{"@context":"https:\/\/schema.org","@graph":[{"@type":"WebPage","@id":"https:\/\/sauldie.org\/rosa-immergruen-buecher-hier-kaufen\/","url":"https:\/\/sauldie.org\/rosa-immergruen-buecher-hier-kaufen\/","name":"#Rosa Immergr\u00fcn: Buy books here - SAULDIE - Life Excellence and Business Excellence","isPartOf":{"@id":"https:\/\/sauldie.org\/#website"},"primaryImageOfPage":{"@id":"https:\/\/sauldie.org\/rosa-immergruen-buecher-hier-kaufen\/#primaryimage"},"image":{"@id":"https:\/\/sauldie.org\/rosa-immergruen-buecher-hier-kaufen\/#primaryimage"},"thumbnailUrl":"https:\/\/sauldie.org\/wp-content\/uploads\/2025\/08\/1.png","datePublished":"2025-08-05T08:13:01+00:00","dateModified":"2026-01-31T19:14:33+00:00","breadcrumb":{"@id":"https:\/\/sauldie.org\/rosa-immergruen-buecher-hier-kaufen\/#breadcrumb"},"inLanguage":"en-GB","potentialAction":[{"@type":"ReadAction","target":["https:\/\/sauldie.org\/rosa-immergruen-buecher-hier-kaufen\/"]}]},{"@type":"ImageObject","inLanguage":"en-GB","@id":"https:\/\/sauldie.org\/rosa-immergruen-buecher-hier-kaufen\/#primaryimage","url":"https:\/\/sauldie.org\/wp-content\/uploads\/2025\/08\/1.png","contentUrl":"https:\/\/sauldie.org\/wp-content\/uploads\/2025\/08\/1.png"},{"@type":"BreadcrumbList","@id":"https:\/\/sauldie.org\/rosa-immergruen-buecher-hier-kaufen\/#breadcrumb","itemListElement":[{"@type":"ListItem","position":1,"name":"Startseite","item":"https:\/\/sauldie.org\/"},{"@type":"ListItem","position":2,"name":"#Rosa Immergr\u00fcn: B\u00fccher hier kaufen"}]},{"@type":"WebSite","@id":"https:\/\/sauldie.org\/#website","url":"https:\/\/sauldie.org\/","name":"Life Excellence &amp; Business Excellence","description":"","publisher":{"@id":"https:\/\/sauldie.org\/#organization"},"potentialAction":[{"@type":"SearchAction","target":{"@type":"EntryPoint","urlTemplate":"https:\/\/sauldie.org\/?s={search_term_string}"},"query-input":{"@type":"PropertyValueSpecification","valueRequired":true,"valueName":"search_term_string"}}],"inLanguage":"en-GB"},{"@type":["Organization","Place"],"@id":"https:\/\/sauldie.org\/#organization","name":"sauldie.org","url":"https:\/\/sauldie.org\/","logo":{"@id":"https:\/\/sauldie.org\/rosa-immergruen-buecher-hier-kaufen\/#local-main-organization-logo"},"image":{"@id":"https:\/\/sauldie.org\/rosa-immergruen-buecher-hier-kaufen\/#local-main-organization-logo"},"telephone":[],"openingHoursSpecification":[{"@type":"OpeningHoursSpecification","dayOfWeek":["Monday","Tuesday","Wednesday","Thursday","Friday","Saturday","Sunday"],"opens":"09:00","closes":"17:00"}]},{"@type":"ImageObject","inLanguage":"en-GB","@id":"https:\/\/sauldie.org\/rosa-immergruen-buecher-hier-kaufen\/#local-main-organization-logo","url":"https:\/\/sauldie.org\/wp-content\/uploads\/2025\/06\/400dpiLogo-scaled.png","contentUrl":"https:\/\/sauldie.org\/wp-content\/uploads\/2025\/06\/400dpiLogo-scaled.png","width":2560,"height":1546,"caption":"sauldie.org"}]}},"_links":{"self":[{"href":"https:\/\/sauldie.org\/en\/wp-json\/wp\/v2\/pages\/340980","targetHints":{"allow":["GET"]}}],"collection":[{"href":"https:\/\/sauldie.org\/en\/wp-json\/wp\/v2\/pages"}],"about":[{"href":"https:\/\/sauldie.org\/en\/wp-json\/wp\/v2\/types\/page"}],"author":[{"embeddable":true,"href":"https:\/\/sauldie.org\/en\/wp-json\/wp\/v2\/users\/1"}],"replies":[{"embeddable":true,"href":"https:\/\/sauldie.org\/en\/wp-json\/wp\/v2\/comments?post=340980"}],"version-history":[{"count":1,"href":"https:\/\/sauldie.org\/en\/wp-json\/wp\/v2\/pages\/340980\/revisions"}],"predecessor-version":[{"id":351955,"href":"https:\/\/sauldie.org\/en\/wp-json\/wp\/v2\/pages\/340980\/revisions\/351955"}],"wp:attachment":[{"href":"https:\/\/sauldie.org\/en\/wp-json\/wp\/v2\/media?parent=340980"}],"wp:term":[{"taxonomy":"category","embeddable":true,"href":"https:\/\/sauldie.org\/en\/wp-json\/wp\/v2\/categories?post=340980"},{"taxonomy":"post_tag","embeddable":true,"href":"https:\/\/sauldie.org\/en\/wp-json\/wp\/v2\/tags?post=340980"}],"curies":[{"name":"wp","href":"https:\/\/api.w.org\/{rel}","templated":true}]}}